{"id":777,"date":"2012-03-02T15:57:43","date_gmt":"2012-03-02T15:57:43","guid":{"rendered":"http:\/\/nnadaprenewal.ca\/?page_id=777"},"modified":"2013-02-13T06:52:08","modified_gmt":"2013-02-13T06:52:08","slug":"777-2","status":"publish","type":"page","link":"https:\/\/nnadaprenewal.ca\/?page_id=777","title":{"rendered":"Bienvenue"},"content":{"rendered":"<blockquote><p><strong><em>Wela&#8217;lin (Mi\u2019kmiq), Ahnii Anishina (Ojibway), Sakoli (Oneida), She:kon (Mohawk) Tansi (Cree), Oki (Blackfoot), Wotziye (Dene), Hidah (Wet\u2019suwet\u2019en), Koolamalsi (Lunaapeew)<\/em><\/strong><\/p><\/blockquote>\n<p>Tous ces mots transmettent des salutations. La langue naturelle de notre peuple a beaucoup d\u2019\u00e9l\u00e9ments communs, malgr\u00e9 les diff\u00e9rences linguistiques. Notre langue naturelle exprime la force de ce que nous sommes en tant que peuple distinct&#8230; Notre langue est le v\u00e9hicule de nos valeurs culturelles et de notre vision du monde. Ces mots transmettent bien plus qu\u2019une salutation. En fait, d\u2019un oc\u00e9an \u00e0 l\u2019autre, notre langue naturelle exprime l\u2019id\u00e9e que \u00ab nous sommes apparent\u00e9s \u00bb. Alors, soyez les bienvenus, membres de la famille, sur le site Web du renouvellement du PNLAADA qui vise \u00e0 t\u00e9moigner de notre vision commune de ce que doivent \u00eatre la sant\u00e9 et le bien-\u00eatre des peuples des Premi\u00e8res nations qui vivent sur ces terres. Nous, les peuples autochtones, partageons beaucoup de valeurs qui nous ont soutenus en tant que peuple distinct. Nos valeurs culturelles nous ont permis de conserver notre identit\u00e9, et ce savoir nous guidera au cours du processus de renouvellement et de revitalisation.<\/p>\n<blockquote><p>\u00ab Auparavant, nous poursuivions le bison, maintenant, nous poursuivons l\u2019enrichissement de nos connaissances. \u00bb<br \/>\n&#8220;Eha\u00f1na tatan\u00faa \u00fai\u00f1 u\u00f1\u00faigni\u00f6i. Leha\u00f1 woslolye u\u00f1\u00faigni\u00f6i.&#8221;<\/p><\/blockquote>\n<p>Le site Web vise \u00e0 favoriser une communication claire entre tous ceux qui travaillent en collaboration au renouvellement et \u00e0 la revitalisation des services de toxicomanie dans les r\u00e9serves. Nous accueillons avec gratitude vos observations, vos questions et vos id\u00e9es. Votre pr\u00e9cieuse participation continuera d\u2019alimenter ce processus tr\u00e8s important, tout comme la parole des collectivit\u00e9s et des personnes courageuses qui ont entam\u00e9 leur propre d\u00e9marche de red\u00e9couverte. Nous croyons que vous trouverez \u00e9galement utiles les nombreux documents que nous avons affich\u00e9s sur ce site Web \u00e0 titre d\u2019information.<\/p>\n<p>\u00c0 mesure que nous progressons dans le processus, nous devons continuer de travailler ensemble pour que nos petits-enfants puissent raconter cette histoire avec fiert\u00e9 pendant sept g\u00e9n\u00e9rations&#8230; Jetons les bases qui leur permettront de dire : \u00ab Mes grands-parents n\u2019avaient pas peur du changement. En fait, ils l\u2019accueillaient avec enthousiasme pour toutes ses possibilit\u00e9s et, par leur leadership, ils m\u2019ont donn\u00e9 des orientations claires pour que je trouve ma voie. \u00bb<\/p>\n<blockquote><p>Si on me le dit, j\u2019oublie. Si on me le montre, je peux ne pas m\u2019en rappeler. Mais, si on me met \u00e0 contribution, je comprends.<br \/>\n&#8211; <em>Proverbe autochtone de l\u2019Am\u00e9rique du Nord<\/em><\/p><\/blockquote>\n<p>Bienvenue et merci de votre participation.<\/p>\n<p>Sinc\u00e8rement,<\/p>\n<p>Carol Hopkins<br \/>\nCopr\u00e9sidentes, Comit\u00e9 directeur du renouvellement du PNLAADA<\/p>\n","protected":false},"excerpt":{"rendered":"<p>Wela&#8217;lin (Mi\u2019kmiq), Ahnii Anishina (Ojibway), Sakoli (Oneida), She:kon (Mohawk) Tansi (Cree), Oki (Blackfoot), Wotziye (Dene), Hidah (Wet\u2019suwet\u2019en), Koolamalsi (Lunaapeew) Tous ces mots transmettent des salutations. La langue naturelle de notre peuple a beaucoup d\u2019\u00e9l\u00e9ments communs, malgr\u00e9 les diff\u00e9rences linguistiques. Notre langue naturelle exprime la force de ce que nous sommes en tant que peuple distinct&#8230; [&hellip;]<\/p>\n","protected":false},"author":2,"featured_media":0,"parent":0,"menu_order":1,"comment_status":"closed","ping_status":"closed","template":"","meta":[],"_links":{"self":[{"href":"https:\/\/nnadaprenewal.ca\/index.php?rest_route=\/wp\/v2\/pages\/777"}],"collection":[{"href":"https:\/\/nnadaprenewal.ca\/index.php?rest_route=\/wp\/v2\/pages"}],"about":[{"href":"https:\/\/nnadaprenewal.ca\/index.php?rest_route=\/wp\/v2\/types\/page"}],"author":[{"embeddable":true,"href":"https:\/\/nnadaprenewal.ca\/index.php?rest_route=\/wp\/v2\/users\/2"}],"replies":[{"embeddable":true,"href":"https:\/\/nnadaprenewal.ca\/index.php?rest_route=%2Fwp%2Fv2%2Fcomments&post=777"}],"version-history":[{"count":5,"href":"https:\/\/nnadaprenewal.ca\/index.php?rest_route=\/wp\/v2\/pages\/777\/revisions"}],"predecessor-version":[{"id":1113,"href":"https:\/\/nnadaprenewal.ca\/index.php?rest_route=\/wp\/v2\/pages\/777\/revisions\/1113"}],"wp:attachment":[{"href":"https:\/\/nnadaprenewal.ca\/index.php?rest_route=%2Fwp%2Fv2%2Fmedia&parent=777"}],"curies":[{"name":"wp","href":"https:\/\/api.w.org\/{rel}","templated":true}]}}