{"id":780,"date":"2012-03-02T16:03:55","date_gmt":"2012-03-02T16:03:55","guid":{"rendered":"http:\/\/nnadaprenewal.ca\/?page_id=780"},"modified":"2012-03-02T16:03:55","modified_gmt":"2012-03-02T16:03:55","slug":"a-propos-du-pnlaada-et-du-pnlasj","status":"publish","type":"page","link":"https:\/\/nnadaprenewal.ca\/?page_id=780","title":{"rendered":"\u00c0 propos du PNLAADA et du PNLASJ"},"content":{"rendered":"<p>Le Programme national de lutte contre l\u2019abus de l\u2019alcool et des drogues chez les Autochtones (PNLAADA) est le principal r\u00e9seau en place visant la prise en charge des probl\u00e8mes de toximanie au sein des Premi\u00e8res nations. Le PNLAADA est l\u2019un des premiers programmes \u00e0 avoir \u00e9t\u00e9 cr\u00e9\u00e9s pour r\u00e9pondre aux besoins des communaut\u00e9s. Ayant succ\u00e9d\u00e9 au Programme national de lutte contre l\u2019abus de l\u2019alcool chez les Autochtones (PNLAAA), un projet pilote entrepris en d\u00e9cembre 1974, le PNLAADA a \u00e9t\u00e9 approuv\u00e9 par le Cabinet en 1982. D\u00e9sormais, ce r\u00e9seau de services de lutte contre la toxicomanie dans les r\u00e9serves r\u00e9unit 49 centres de traitement de l\u2019alcoolisme et de la toxicomanie et plus de 550 programmes communautaires de pr\u00e9vention du PNLAADA. Depuis 1995, il compte \u00e9galement un r\u00e9seau de neuf centres de traitement \u00e0 demeure du Programme national de lutte contre l\u2019abus de solvants chez les jeunes (PNLASJ) partout au Canada Le nombre de centres et de programmes communautaires du PNLAADA et du PNLASJ a \u00e9t\u00e9 mis \u00e0 jour en f\u00e9vrier 2011. Veuillez noter que ces donn\u00e9es peuvent changer. Communiquez avec Sant\u00e9 Canada pour conna\u00eetre les donn\u00e9es actuelles. Dans le Nord, le financement du PNLAADA est transf\u00e9r\u00e9 au gouvernement des Territoires du Nord-Ouest en vertu de l\u2019accord de 1988 sur le Transfert en mati\u00e8re de sant\u00e9 des T.N.-O., et \u00e0 celui du Nunavut en vertu de sa fondation en 1999. Les Premi\u00e8res nations du Yukon re\u00e7oivent des fonds pour les volets de pr\u00e9vention et de traitement du PNLAADA par l\u2019interm\u00e9diaire d\u2019accords de contribution, mais aussi gr\u00e2ce \u00e0 leur autorit\u00e9 en tant que Premi\u00e8res nations autonomes. Les Autochtones et les Inuits du Nord soit se rendent \u00e0 un centre de traitement de l\u2019alcoolisme et des toxicomanies exploit\u00e9 par leur gouvernement territorial respectif, soit ils sont transport\u00e9s au centre de traitement appropri\u00e9 le plus pr\u00e8s situ\u00e9 au sud du 60e parall\u00e8le, conform\u00e9ment \u00e0 la politique des Services de sant\u00e9 non assur\u00e9s (SSNA). Outre le PNLAADA et le PNLASJ, les peuples des Premi\u00e8res nations ont \u00e9galement acc\u00e8s \u00e0 un large \u00e9ventail de services li\u00e9s \u00e0 la toxicomanie dans d\u2019autres secteurs du syst\u00e8me de sant\u00e9, dans les r\u00e9serves et \u00e0 l\u2019ext\u00e9rieur, ainsi que dans d\u2019autres syst\u00e8mes, notamment les services sociaux, la sant\u00e9 mentale, la protection de l\u2019enfance, la justice, le logement, l\u2019\u00e9ducation et l\u2019emploi. En raison de ces nombreux syst\u00e8mes, l\u2019une des difficult\u00e9s fondamentales pour les communaut\u00e9s et les diff\u00e9rents paliers de gouvernement consiste \u00e0 coordonner les divers services et aides offerts de mani\u00e8re \u00e0 s\u2019assurer que les peuples des Premi\u00e8res nations ont acc\u00e8s \u00e0 un ensemble complet de soins qui r\u00e9pondent \u00e0 leurs besoins. Vous trouverez plus d\u2019information sur le PNLAADA, y compris la liste des centres de traitement, sur le site :\u00a0<a title=\"http:\/\/www.hc-sc.gc.ca\/fniah-spnia\/substan\/ads\/nnadap-pnlaada-fra.php\" href=\"http:\/\/www.hc-sc.gc.ca\/fniah-spnia\/substan\/ads\/nnadap-pnlaada-fra.php\">http:\/\/www.hc-sc.gc.ca\/fniah-spnia\/substan\/ads\/nnadap-pnlaada-fra.php<\/a><\/p>\n","protected":false},"excerpt":{"rendered":"<p>Le Programme national de lutte contre l\u2019abus de l\u2019alcool et des drogues chez les Autochtones (PNLAADA) est le principal r\u00e9seau en place visant la prise en charge des probl\u00e8mes de toximanie au sein des Premi\u00e8res nations. Le PNLAADA est l\u2019un des premiers programmes \u00e0 avoir \u00e9t\u00e9 cr\u00e9\u00e9s pour r\u00e9pondre aux besoins des communaut\u00e9s. Ayant succ\u00e9d\u00e9 [&hellip;]<\/p>\n","protected":false},"author":2,"featured_media":0,"parent":0,"menu_order":0,"comment_status":"closed","ping_status":"closed","template":"","meta":[],"_links":{"self":[{"href":"https:\/\/nnadaprenewal.ca\/index.php?rest_route=\/wp\/v2\/pages\/780"}],"collection":[{"href":"https:\/\/nnadaprenewal.ca\/index.php?rest_route=\/wp\/v2\/pages"}],"about":[{"href":"https:\/\/nnadaprenewal.ca\/index.php?rest_route=\/wp\/v2\/types\/page"}],"author":[{"embeddable":true,"href":"https:\/\/nnadaprenewal.ca\/index.php?rest_route=\/wp\/v2\/users\/2"}],"replies":[{"embeddable":true,"href":"https:\/\/nnadaprenewal.ca\/index.php?rest_route=%2Fwp%2Fv2%2Fcomments&post=780"}],"version-history":[{"count":1,"href":"https:\/\/nnadaprenewal.ca\/index.php?rest_route=\/wp\/v2\/pages\/780\/revisions"}],"predecessor-version":[{"id":781,"href":"https:\/\/nnadaprenewal.ca\/index.php?rest_route=\/wp\/v2\/pages\/780\/revisions\/781"}],"wp:attachment":[{"href":"https:\/\/nnadaprenewal.ca\/index.php?rest_route=%2Fwp%2Fv2%2Fmedia&parent=780"}],"curies":[{"name":"wp","href":"https:\/\/api.w.org\/{rel}","templated":true}]}}