{"id":788,"date":"2012-03-02T16:20:37","date_gmt":"2012-03-02T16:20:37","guid":{"rendered":"http:\/\/nnadaprenewal.ca\/?page_id=788"},"modified":"2012-03-02T16:20:37","modified_gmt":"2012-03-02T16:20:37","slug":"survol-du-processus","status":"publish","type":"page","link":"https:\/\/nnadaprenewal.ca\/?page_id=788","title":{"rendered":"Survol du processus"},"content":{"rendered":"<p>En tant qu\u2019activit\u00e9 cl\u00e9 de la Strat\u00e9gie nationale antidrogue, l\u2019Assembl\u00e9e des Premi\u00e8res Nations (APN), la Fondation autochtone nationale de partenariat pour la lutte contre les d\u00e9pendances (FANPLD) et la Direction g\u00e9n\u00e9rale de la sant\u00e9 des Premi\u00e8res nations et des Inuits (DGSPNI) de Sant\u00e9\u00a0Canada ont coordonn\u00e9 la r\u00e9alisation par les communaut\u00e9s d&#8217;un examen complet des services et des aides en toxicomanie offerts aux peuples des Premi\u00e8res nations du Canada. Cet examen \u00e9tait orient\u00e9 par le Comit\u00e9 consultatif de lutte contre les toxicomanies chez les Premi\u00e8res nations, et il se fondait sur le\u00a0<em>Plan d\u2019action strat\u00e9gique<\/em>\u00a0<em>concernant la sant\u00e9 mentale des Premi\u00e8res nations et des Inuits<\/em>, \u00a0cr\u00e9\u00e9 en 2007 par le Comit\u00e9 consultatif sur la sant\u00e9 mentale des Premi\u00e8res nations et des Inuits en vue de fournir des conseils strat\u00e9giques \u00e0 l\u2019\u00e9chelle nationale concernant les efforts li\u00e9s au bien-\u00eatre des Premi\u00e8res nations et des Inuits. Entre 2007 et 2011, l\u2019examen a consist\u00e9 \u00e0 mener des activit\u00e9s de collecte de renseignements et de concertation, notamment des \u00e9valuations des besoins r\u00e9gionaux en mati\u00e8re de toxicomanie, un forum national, une s\u00e9rie de rapports de recherche, des ateliers r\u00e9gionaux et un forum sur le savoir autochtone. Ces activit\u00e9s ont fait participer directement les membres des communaut\u00e9s, les intervenants des centres de traitement, les intervenants communautaires en toxicomanie, les administrateurs de la sant\u00e9, les dirigeants des Premi\u00e8res nations, les fournisseurs de service provinciaux, les chercheurs et les d\u00e9cideurs afin d&#8217;\u00e9laborer une nouvelle approche en mati\u00e8re d\u2019interventions \u00e0 l\u2019\u00e9chelle communautaire, r\u00e9gionale et nationale pour lutter contre les probl\u00e8mes de toxicomanie touchant les populations des Premi\u00e8res nations au Canada. Le document\u00a0<em>Honorer nos forces\u00a0: Cadre renouvel\u00e9 du programme de lutte contre les toxicomanies chez les Premi\u00e8res nations du Canada<\/em>\u00a0est fond\u00e9 sur ce processus de mobilisation et de r\u00e9troaction.<\/p>\n","protected":false},"excerpt":{"rendered":"<p>En tant qu\u2019activit\u00e9 cl\u00e9 de la Strat\u00e9gie nationale antidrogue, l\u2019Assembl\u00e9e des Premi\u00e8res Nations (APN), la Fondation autochtone nationale de partenariat pour la lutte contre les d\u00e9pendances (FANPLD) et la Direction g\u00e9n\u00e9rale de la sant\u00e9 des Premi\u00e8res nations et des Inuits (DGSPNI) de Sant\u00e9\u00a0Canada ont coordonn\u00e9 la r\u00e9alisation par les communaut\u00e9s d&#8217;un examen complet des services [&hellip;]<\/p>\n","protected":false},"author":2,"featured_media":0,"parent":0,"menu_order":0,"comment_status":"closed","ping_status":"closed","template":"","meta":[],"_links":{"self":[{"href":"https:\/\/nnadaprenewal.ca\/index.php?rest_route=\/wp\/v2\/pages\/788"}],"collection":[{"href":"https:\/\/nnadaprenewal.ca\/index.php?rest_route=\/wp\/v2\/pages"}],"about":[{"href":"https:\/\/nnadaprenewal.ca\/index.php?rest_route=\/wp\/v2\/types\/page"}],"author":[{"embeddable":true,"href":"https:\/\/nnadaprenewal.ca\/index.php?rest_route=\/wp\/v2\/users\/2"}],"replies":[{"embeddable":true,"href":"https:\/\/nnadaprenewal.ca\/index.php?rest_route=%2Fwp%2Fv2%2Fcomments&post=788"}],"version-history":[{"count":2,"href":"https:\/\/nnadaprenewal.ca\/index.php?rest_route=\/wp\/v2\/pages\/788\/revisions"}],"predecessor-version":[{"id":790,"href":"https:\/\/nnadaprenewal.ca\/index.php?rest_route=\/wp\/v2\/pages\/788\/revisions\/790"}],"wp:attachment":[{"href":"https:\/\/nnadaprenewal.ca\/index.php?rest_route=%2Fwp%2Fv2%2Fmedia&parent=788"}],"curies":[{"name":"wp","href":"https:\/\/api.w.org\/{rel}","templated":true}]}}