{"id":823,"date":"2012-03-03T15:11:01","date_gmt":"2012-03-03T15:11:01","guid":{"rendered":"http:\/\/nnadaprenewal.ca\/?page_id=823"},"modified":"2012-03-03T15:11:01","modified_gmt":"2012-03-03T15:11:01","slug":"honorer-nos-forces-principaux-avantages","status":"publish","type":"page","link":"https:\/\/nnadaprenewal.ca\/?page_id=823","title":{"rendered":"Honorer nos forces \u2013 Principaux avantages"},"content":{"rendered":"<p>La diffusion de Honorer nos forces repr\u00e9sente une occasion importante d&#8217;am\u00e9liorer la qualit\u00e9, l&#8217;efficacit\u00e9 et l&#8217;accessibilit\u00e9 des services li\u00e9s \u00e0 la toxicomanie et destin\u00e9s aux Premi\u00e8res nations.<br \/>\nLes principaux avantages du cadre national sont les suivants :<\/p>\n<p>\u2022 Il fournit aux directeurs de services de sant\u00e9, aux dirigeants des collectivit\u00e9s et \u00e0 de nombreux fournisseurs de services un guide culturellement adapt\u00e9 et culturellement pertinent pour la conception et la prestation de services communautaires en mati\u00e8re de toxicomanie et de sant\u00e9 mentale.<br \/>\n\u2022 Il guidera les efforts de planification strat\u00e9gique aux niveaux r\u00e9gional et national, ainsi que les nouveaux investissements ou les investissements continus dans les programmes.<br \/>\n\u2022 Il servira d&#8217;outil de d\u00e9fense des int\u00e9r\u00eats pour les organismes communautaires, r\u00e9gionaux et nationaux en vue d&#8217;am\u00e9liorer la coordination et les ressources pour lutter contre la toxicomanie et les probl\u00e8mes de sant\u00e9 mentale.<br \/>\n\u2022 Il aide \u00e0 valider le r\u00f4le essentiel que la culture et les pratiques culturelles autochtones jouent dans la lutte contre la toxicomanie et la promotion de la sant\u00e9 globale et du bien-\u00eatre mental.<br \/>\n\u2022 Il aide les collectivit\u00e9s, les dirigeants et les fournisseurs de services \u00e0 collaborer davantage et \u00e0 \u00e9tablir des partenariats avec d&#8217;autres soins conformes \u00e0 l&#8217;approche du cadre.<\/p>\n","protected":false},"excerpt":{"rendered":"<p>La diffusion de Honorer nos forces repr\u00e9sente une occasion importante d&#8217;am\u00e9liorer la qualit\u00e9, l&#8217;efficacit\u00e9 et l&#8217;accessibilit\u00e9 des services li\u00e9s \u00e0 la toxicomanie et destin\u00e9s aux Premi\u00e8res nations. Les principaux avantages du cadre national sont les suivants : \u2022 Il fournit aux directeurs de services de sant\u00e9, aux dirigeants des collectivit\u00e9s et \u00e0 de nombreux fournisseurs [&hellip;]<\/p>\n","protected":false},"author":2,"featured_media":0,"parent":814,"menu_order":0,"comment_status":"closed","ping_status":"closed","template":"","meta":[],"_links":{"self":[{"href":"https:\/\/nnadaprenewal.ca\/index.php?rest_route=\/wp\/v2\/pages\/823"}],"collection":[{"href":"https:\/\/nnadaprenewal.ca\/index.php?rest_route=\/wp\/v2\/pages"}],"about":[{"href":"https:\/\/nnadaprenewal.ca\/index.php?rest_route=\/wp\/v2\/types\/page"}],"author":[{"embeddable":true,"href":"https:\/\/nnadaprenewal.ca\/index.php?rest_route=\/wp\/v2\/users\/2"}],"replies":[{"embeddable":true,"href":"https:\/\/nnadaprenewal.ca\/index.php?rest_route=%2Fwp%2Fv2%2Fcomments&post=823"}],"version-history":[{"count":1,"href":"https:\/\/nnadaprenewal.ca\/index.php?rest_route=\/wp\/v2\/pages\/823\/revisions"}],"predecessor-version":[{"id":824,"href":"https:\/\/nnadaprenewal.ca\/index.php?rest_route=\/wp\/v2\/pages\/823\/revisions\/824"}],"up":[{"embeddable":true,"href":"https:\/\/nnadaprenewal.ca\/index.php?rest_route=\/wp\/v2\/pages\/814"}],"wp:attachment":[{"href":"https:\/\/nnadaprenewal.ca\/index.php?rest_route=%2Fwp%2Fv2%2Fmedia&parent=823"}],"curies":[{"name":"wp","href":"https:\/\/api.w.org\/{rel}","templated":true}]}}