{"id":825,"date":"2012-03-03T15:12:27","date_gmt":"2012-03-03T15:12:27","guid":{"rendered":"http:\/\/nnadaprenewal.ca\/?page_id=825"},"modified":"2012-03-03T15:12:27","modified_gmt":"2012-03-03T15:12:27","slug":"presentation-du-cadre-general","status":"publish","type":"page","link":"https:\/\/nnadaprenewal.ca\/?page_id=825","title":{"rendered":"Pr\u00e9sentation du cadre g\u00e9n\u00e9ral"},"content":{"rendered":"<p>La nouvelle version de la pr\u00e9sentation du cadre g\u00e9n\u00e9ral est en cours de r\u00e9daction. Elle sera publi\u00e9e prochainement.<\/p>\n","protected":false},"excerpt":{"rendered":"<p>La nouvelle version de la pr\u00e9sentation du cadre g\u00e9n\u00e9ral est en cours de r\u00e9daction. Elle sera publi\u00e9e prochainement.<\/p>\n","protected":false},"author":2,"featured_media":0,"parent":814,"menu_order":0,"comment_status":"closed","ping_status":"closed","template":"","meta":[],"_links":{"self":[{"href":"https:\/\/nnadaprenewal.ca\/index.php?rest_route=\/wp\/v2\/pages\/825"}],"collection":[{"href":"https:\/\/nnadaprenewal.ca\/index.php?rest_route=\/wp\/v2\/pages"}],"about":[{"href":"https:\/\/nnadaprenewal.ca\/index.php?rest_route=\/wp\/v2\/types\/page"}],"author":[{"embeddable":true,"href":"https:\/\/nnadaprenewal.ca\/index.php?rest_route=\/wp\/v2\/users\/2"}],"replies":[{"embeddable":true,"href":"https:\/\/nnadaprenewal.ca\/index.php?rest_route=%2Fwp%2Fv2%2Fcomments&post=825"}],"version-history":[{"count":1,"href":"https:\/\/nnadaprenewal.ca\/index.php?rest_route=\/wp\/v2\/pages\/825\/revisions"}],"predecessor-version":[{"id":826,"href":"https:\/\/nnadaprenewal.ca\/index.php?rest_route=\/wp\/v2\/pages\/825\/revisions\/826"}],"up":[{"embeddable":true,"href":"https:\/\/nnadaprenewal.ca\/index.php?rest_route=\/wp\/v2\/pages\/814"}],"wp:attachment":[{"href":"https:\/\/nnadaprenewal.ca\/index.php?rest_route=%2Fwp%2Fv2%2Fmedia&parent=825"}],"curies":[{"name":"wp","href":"https:\/\/api.w.org\/{rel}","templated":true}]}}