{"id":828,"date":"2012-03-03T15:21:36","date_gmt":"2012-03-03T15:21:36","guid":{"rendered":"http:\/\/nnadaprenewal.ca\/?page_id=828"},"modified":"2012-03-03T15:21:36","modified_gmt":"2012-03-03T15:21:36","slug":"a-propos-des-evaluations-des-besoins-regionaux","status":"publish","type":"page","link":"https:\/\/nnadaprenewal.ca\/?page_id=828","title":{"rendered":"\u00c0 propos des \u00e9valuations des besoins r\u00e9gionaux"},"content":{"rendered":"<div id=\"content\">\n<div id=\"main\">\n<div>\n<div>Un volet important du processus de renouvellement du PNLAADA repose sur les \u00e9valuations des besoins r\u00e9gionaux en mati\u00e8re de toxicomanie qui ont \u00e9t\u00e9 men\u00e9es dans sept r\u00e9gions de Sant\u00e9 Canada au cours des exercices financiers 2008-2009 et 2009-2010. Ces \u00e9valuations des besoins ont \u00e9t\u00e9 amorc\u00e9es \u00e0 la suite de partenariats \u00e9tablis entre les organismes r\u00e9gionaux repr\u00e9sentatifs des Premi\u00e8res nations et les r\u00e9gions de Sant\u00e9 Canada. Dans ces \u00e9valuations, on s\u2019est efforc\u00e9 de d\u00e9terminer les principales lacunes, les principaux d\u00e9doublements et les principaux points forts au sein des services du PNLAADA, afin d\u2019atteindre les objectifs suivants :<\/p>\n<ol>\n<li>orienter les nouveaux investissements dans le programme;<\/li>\n<li>valider les services et dispositions existants; et<\/li>\n<li>mettre en lumi\u00e8re les principales priorit\u00e9s du PNLAADA en mati\u00e8re de renouvellement, tant du point de vue des politiques que du programme.<\/li>\n<\/ol>\n<\/div>\n<\/div>\n<\/div>\n<\/div>\n<div id=\"sidebar\"><\/div>\n","protected":false},"excerpt":{"rendered":"<p>Un volet important du processus de renouvellement du PNLAADA repose sur les \u00e9valuations des besoins r\u00e9gionaux en mati\u00e8re de toxicomanie qui ont \u00e9t\u00e9 men\u00e9es dans sept r\u00e9gions de Sant\u00e9 Canada au cours des exercices financiers 2008-2009 et 2009-2010. Ces \u00e9valuations des besoins ont \u00e9t\u00e9 amorc\u00e9es \u00e0 la suite de partenariats \u00e9tablis entre les organismes r\u00e9gionaux [&hellip;]<\/p>\n","protected":false},"author":2,"featured_media":0,"parent":0,"menu_order":0,"comment_status":"closed","ping_status":"closed","template":"","meta":[],"_links":{"self":[{"href":"https:\/\/nnadaprenewal.ca\/index.php?rest_route=\/wp\/v2\/pages\/828"}],"collection":[{"href":"https:\/\/nnadaprenewal.ca\/index.php?rest_route=\/wp\/v2\/pages"}],"about":[{"href":"https:\/\/nnadaprenewal.ca\/index.php?rest_route=\/wp\/v2\/types\/page"}],"author":[{"embeddable":true,"href":"https:\/\/nnadaprenewal.ca\/index.php?rest_route=\/wp\/v2\/users\/2"}],"replies":[{"embeddable":true,"href":"https:\/\/nnadaprenewal.ca\/index.php?rest_route=%2Fwp%2Fv2%2Fcomments&post=828"}],"version-history":[{"count":1,"href":"https:\/\/nnadaprenewal.ca\/index.php?rest_route=\/wp\/v2\/pages\/828\/revisions"}],"predecessor-version":[{"id":829,"href":"https:\/\/nnadaprenewal.ca\/index.php?rest_route=\/wp\/v2\/pages\/828\/revisions\/829"}],"wp:attachment":[{"href":"https:\/\/nnadaprenewal.ca\/index.php?rest_route=%2Fwp%2Fv2%2Fmedia&parent=828"}],"curies":[{"name":"wp","href":"https:\/\/api.w.org\/{rel}","templated":true}]}}