{"id":831,"date":"2012-03-03T15:27:32","date_gmt":"2012-03-03T15:27:32","guid":{"rendered":"http:\/\/nnadaprenewal.ca\/?page_id=831"},"modified":"2012-03-03T15:27:32","modified_gmt":"2012-03-03T15:27:32","slug":"a-propos-de-la-recherche-sur-le-renouvellement-du-pnlaada","status":"publish","type":"page","link":"https:\/\/nnadaprenewal.ca\/?page_id=831","title":{"rendered":"\u00c0 propos de la recherche sur le renouvellement du PNLAADA"},"content":{"rendered":"<p>En vue de soutenir le Comit\u00e9 consultatif de lutte contre les toxicomanies chez les Premi\u00e8res nations dans l\u2019\u00e9laboration du cadre de programme renouvel\u00e9, quatre rapports de recherche sur le\u00a0<abbr title=\"Programme national de lutte contre l'abus de l'alcool et des drogues chez les Autochtones\">PNLAADA<\/abbr>\u00a0ont \u00e9t\u00e9 command\u00e9s pour r\u00e9pondre aux besoins en information cl\u00e9s dans le programme. Pour favoriser la collaboration entre ces rapports, un forum de recherche sur le\u00a0<abbr title=\"Programme national de lutte contre l'abus de l'alcool et des drogues chez les Autochtones\">PNLAADA<\/abbr>\u00a0a \u00e9t\u00e9 organis\u00e9 en f\u00e9vrier 2009. De plus, en 2005, Sant\u00e9 Canada a command\u00e9 un survol des meilleures pratiques en pr\u00e9vention et traitement des toxicomanies afin d\u2019offrir un soutien suppl\u00e9mentaire au processus de renouvellement.<\/p>\n<h2>Rapports de recherche sur le PNLAADA<\/h2>\n<p>Le Comit\u00e9 consultatif de lutte contre les toxicomanies chez les Premi\u00e8res nations (<abbr title=\"Comit\u00e9 consultatif de lutte contre les toxicomanies chez les Premi\u00e8res nations\">CCLTPN<\/abbr>) a command\u00e9 quatre rapports de recherche sur les besoins en information cl\u00e9s dans le\u00a0<abbr title=\"Programme national de lutte contre l'abus de l'alcool et des drogues chez les Autochtones\">PNLAADA<\/abbr>. Les chercheurs feront participer une vari\u00e9t\u00e9 d\u2019individus en lien avec le<abbr title=\"Programme national de lutte contre l'abus de l'alcool et des drogues chez les Autochtones\">PNLAADA<\/abbr>\u00a0(membres de la communaut\u00e9, a\u00een\u00e9s, fournisseurs de services, clients et gestionnaires, etc.) \u00e0 l\u2019aide de diverses m\u00e9thodes de recherche (par ex. analyses documentaires, entrevues avec des t\u00e9moins privil\u00e9gi\u00e9s, cercles de discussion, etc.). La synth\u00e8se de cette information servira \u00e0 d\u00e9terminer les principales priorit\u00e9s du programme et \u00e0 \u00e9tablir une orientation strat\u00e9gique pour son renouvellement. Les rapports de recherche sur le\u00a0<abbr title=\"Programme national de lutte contre l'abus de l'alcool et des drogues chez les Autochtones\">PNLAADA<\/abbr>\u00a0seront ax\u00e9s sur les th\u00e8mes suivants :<\/p>\n<ul>\n<li>Cultural and Tradition within Addiction Services \u2013 Carol Hopkins<\/li>\n<li>Improving Mental Health Services and Supports within\u00a0<abbr title=\"National Native Alcohol and Drug Abuse Program\">NNADAP<\/abbr>\u00a0\u2013 Rod McCormick, Ph.D.<\/li>\n<li>Review of\u00a0<abbr title=\"National Native Alcohol and Drug Abuse Program\">NNADAP<\/abbr>\u2019s Prevention Services \u2013 Dr Heather Gifford<\/li>\n<li>Historical Review of\u00a0<abbr title=\"National Native Alcohol and Drug Abuse Program\">NNADAP<\/abbr>\u00a0\u2013\u00a0<abbr title=\"National Native Addictions Partnership Foundation\">NNAPF<\/abbr>,\u00a0<abbr title=\"Assembly of First Nations\">AFN<\/abbr>\u00a0&amp; FNIHB<\/li>\n<li>\u00c9tude des r\u00e9seaux du\u00a0<abbr title=\"Programme national de lutte contre l'abus de l'alcool et des drogues chez les Autochtones\">PNLAADA<\/abbr>\u00a0\u2013 Peter Menzies, Ph.D., Wayne Skinner, Ph.D., David Brown, Ph.D.<\/li>\n<\/ul>\n<p>Les rapports de recherche sur le\u00a0<abbr title=\"Programme national de lutte contre l'abus de l'alcool et des drogues chez les Autochtones\">PNLAADA<\/abbr>\u00a0sont termin\u00e9s et ils sont diffus\u00e9s dans ce site Internet.<\/p>\n<h2>Forum national de recherche sur le PNLAADA<\/h2>\n<p>Les partenaires nationaux du processus de renouvellement du\u00a0<abbr title=\"Programme national de lutte contre l'abus de l'alcool et des drogues chez les Autochtones\">PNLAADA<\/abbr>\u00a0(c.-\u00e0-d., l\u2019APN, la\u00a0<abbr title=\"la Fondation autochtone nationale de partenariat pour la lutte contre les d\u00e9pendances\">FANPLD<\/abbr>\u00a0et la DGSPNI) ont tenu un forum de recherche en f\u00e9vrier 2009. Il avait pour objectifs de favoriser la collaboration et la coordination, de discuter des liens entres les rapports de recherche et d\u2019examiner les incidences nationales de la recherche pour le cadre de programme renouvel\u00e9.<\/p>\n<h2>Rapport sur les interventions fond\u00e9es sur des donn\u00e9es probantes<\/h2>\n<p>Pour offrir un soutien suppl\u00e9mentaire \u00e0 la recherche sur le processus de renouvellement du\u00a0<abbr title=\"Programme national de lutte contre l'abus de l'alcool et des drogues chez les Autochtones\">PNLAADA<\/abbr>, Sant\u00e9 Canada a command\u00e9 un rapport intitul\u00e9\u00a0<a href=\"http:\/\/nnadaprenewal.ca\/wp-content\/uploads\/2012\/03\/Health_Canada_2005_Interventions_Supported_by_Sci_Ev_for_SA_Treatment_HR_Prevent.pdf\">Interventions Supported by Scientific Evidence for Substance Abuse Treatment, Harm Reduction and Prevention<\/a>. Le rapport pr\u00e9sente un aper\u00e7u des meilleures pratiques en cours dans la prestation des services de lutte contre l\u2019abus de substances et les toxicomanies. Vous pouvez le consulter en cliquant \u00e0 votre gauche (en anglais seulement).<\/p>\n","protected":false},"excerpt":{"rendered":"<p>En vue de soutenir le Comit\u00e9 consultatif de lutte contre les toxicomanies chez les Premi\u00e8res nations dans l\u2019\u00e9laboration du cadre de programme renouvel\u00e9, quatre rapports de recherche sur le\u00a0PNLAADA\u00a0ont \u00e9t\u00e9 command\u00e9s pour r\u00e9pondre aux besoins en information cl\u00e9s dans le programme. Pour favoriser la collaboration entre ces rapports, un forum de recherche sur le\u00a0PNLAADA\u00a0a \u00e9t\u00e9 [&hellip;]<\/p>\n","protected":false},"author":2,"featured_media":0,"parent":0,"menu_order":0,"comment_status":"closed","ping_status":"closed","template":"","meta":[],"_links":{"self":[{"href":"https:\/\/nnadaprenewal.ca\/index.php?rest_route=\/wp\/v2\/pages\/831"}],"collection":[{"href":"https:\/\/nnadaprenewal.ca\/index.php?rest_route=\/wp\/v2\/pages"}],"about":[{"href":"https:\/\/nnadaprenewal.ca\/index.php?rest_route=\/wp\/v2\/types\/page"}],"author":[{"embeddable":true,"href":"https:\/\/nnadaprenewal.ca\/index.php?rest_route=\/wp\/v2\/users\/2"}],"replies":[{"embeddable":true,"href":"https:\/\/nnadaprenewal.ca\/index.php?rest_route=%2Fwp%2Fv2%2Fcomments&post=831"}],"version-history":[{"count":1,"href":"https:\/\/nnadaprenewal.ca\/index.php?rest_route=\/wp\/v2\/pages\/831\/revisions"}],"predecessor-version":[{"id":833,"href":"https:\/\/nnadaprenewal.ca\/index.php?rest_route=\/wp\/v2\/pages\/831\/revisions\/833"}],"wp:attachment":[{"href":"https:\/\/nnadaprenewal.ca\/index.php?rest_route=%2Fwp%2Fv2%2Fmedia&parent=831"}],"curies":[{"name":"wp","href":"https:\/\/api.w.org\/{rel}","templated":true}]}}