{"id":841,"date":"2012-03-03T17:10:58","date_gmt":"2012-03-03T17:10:58","guid":{"rendered":"http:\/\/nnadaprenewal.ca\/?page_id=841"},"modified":"2012-03-03T17:13:48","modified_gmt":"2012-03-03T17:13:48","slug":"cadre-de-travail-pour-le-renouvellement-du-pnlaada","status":"publish","type":"page","link":"https:\/\/nnadaprenewal.ca\/?page_id=841","title":{"rendered":"Cadre de travail pour le renouvellement du PNLAADA"},"content":{"rendered":"<p>Le processus de renouvellement du PNLAADA vise \u00e0 \u00e9laborer une vision strat\u00e9gique pour orienter la planification et la prestation des services de la toxicomanie sur r\u00e9serve au cours des cinq \u00e0 dix prochaines ann\u00e9es. Le processus de renouvellement mobilise les communaut\u00e9s des Premi\u00e8res nations, des fournisseurs de services, des organismes de repr\u00e9sentation et d\u2019autres intervenants cl\u00e9s. Cette initiative financ\u00e9e par la Strat\u00e9gie nationale antidrogue du gouvernement du Canada prendra fin au 2011. Le cadre de programme renouvel\u00e9 pour le PNLAADA sera \u00e9labor\u00e9 par\u00a0<a title=\"\u00c0 propos du comit\u00e9\" href=\"http:\/\/nnadaprenewal.ca\/fr\/?page_id=834\">le Comit\u00e9 consultatif de lutte contre les toxicomanies chez les Premi\u00e8res nations<\/a>\u00a0d\u2019ici au 2011. Outre les d\u00e9lib\u00e9rations du comit\u00e9, le cadre national de programme tiendra compte des sources d\u2019information suivantes :<\/p>\n<ul>\n<li>les \u00e9valuations des besoins r\u00e9gionaux;<\/li>\n<li>les documents de recherche;<\/li>\n<li>les rapports de recherche sur le PNLAADA;<\/li>\n<li>les soumissions sur le site Internet du renouvellement du PNLAADA (c.-\u00e0-d., billets sur le blogue et examens de documents);<\/li>\n<li>les \u00e9valuations ant\u00e9rieures du PNLAADA, y compris l\u2019examen du PNLAADA de 1998; et<\/li>\n<li>les \u00e9valuations des besoins r\u00e9gionaux d\u00e9j\u00e0 effectu\u00e9es.<\/li>\n<\/ul>\n<p>Cette initiative est financ\u00e9e par la Strat\u00e9gie nationale antidrogue du gouvernement du Canada.<\/p>\n","protected":false},"excerpt":{"rendered":"<p>Le processus de renouvellement du PNLAADA vise \u00e0 \u00e9laborer une vision strat\u00e9gique pour orienter la planification et la prestation des services de la toxicomanie sur r\u00e9serve au cours des cinq \u00e0 dix prochaines ann\u00e9es. Le processus de renouvellement mobilise les communaut\u00e9s des Premi\u00e8res nations, des fournisseurs de services, des organismes de repr\u00e9sentation et d\u2019autres intervenants [&hellip;]<\/p>\n","protected":false},"author":2,"featured_media":0,"parent":0,"menu_order":0,"comment_status":"closed","ping_status":"closed","template":"","meta":[],"_links":{"self":[{"href":"https:\/\/nnadaprenewal.ca\/index.php?rest_route=\/wp\/v2\/pages\/841"}],"collection":[{"href":"https:\/\/nnadaprenewal.ca\/index.php?rest_route=\/wp\/v2\/pages"}],"about":[{"href":"https:\/\/nnadaprenewal.ca\/index.php?rest_route=\/wp\/v2\/types\/page"}],"author":[{"embeddable":true,"href":"https:\/\/nnadaprenewal.ca\/index.php?rest_route=\/wp\/v2\/users\/2"}],"replies":[{"embeddable":true,"href":"https:\/\/nnadaprenewal.ca\/index.php?rest_route=%2Fwp%2Fv2%2Fcomments&post=841"}],"version-history":[{"count":3,"href":"https:\/\/nnadaprenewal.ca\/index.php?rest_route=\/wp\/v2\/pages\/841\/revisions"}],"predecessor-version":[{"id":844,"href":"https:\/\/nnadaprenewal.ca\/index.php?rest_route=\/wp\/v2\/pages\/841\/revisions\/844"}],"wp:attachment":[{"href":"https:\/\/nnadaprenewal.ca\/index.php?rest_route=%2Fwp%2Fv2%2Fmedia&parent=841"}],"curies":[{"name":"wp","href":"https:\/\/api.w.org\/{rel}","templated":true}]}}