{"id":847,"date":"2012-03-03T17:21:56","date_gmt":"2012-03-03T17:21:56","guid":{"rendered":"http:\/\/nnadaprenewal.ca\/?page_id=847"},"modified":"2012-03-03T17:21:56","modified_gmt":"2012-03-03T17:21:56","slug":"membres-du-comite","status":"publish","type":"page","link":"https:\/\/nnadaprenewal.ca\/?page_id=847","title":{"rendered":"Membres du comit\u00e9"},"content":{"rendered":"<div id=\"content\">\n<div id=\"main\">\n<div>\n<div>Le comit\u00e9 comprend des repr\u00e9sentants du Comit\u00e9 consultatif sur la sant\u00e9 publique de l\u2019Assembl\u00e9e des Premi\u00e8res nations, ainsi que des chercheurs en toxicomanie, des professionnels de la sant\u00e9, des a\u00een\u00e9s et des repr\u00e9sentants des communaut\u00e9s des Premi\u00e8res nations. Les membres du comit\u00e9 comprennent notamment :<\/p>\n<ul>\n<li>Carol Hopkins (copr\u00e9sidente) \u2013 Nimkee Nupigawagan Healing Centre<\/li>\n<li>Dennis Wardman, M.D. (copr\u00e9sident) \u2013 Sant\u00e9 des Premi\u00e8res nations et des Inuits, R\u00e9gion de la C.-B., Sant\u00e9 Canada<\/li>\n<li>Jim Dumont &#8211; A\u00een\u00e9<\/li>\n<li>Kim Barker, Ph.D. \u2013 Assembl\u00e9e des Premi\u00e8res nations<\/li>\n<li>Peter Menzies, Ph. D. \u2013 Centre de toxicomanie et de sant\u00e9 mentale<\/li>\n<li>Sharon Clarke \u2013 Fondation autochtone nationale de partenariat pour la lutte contre les d\u00e9pendances<\/li>\n<li>Chris Mushquash \u2013 Universit\u00e9 Dalhousie<\/li>\n<li>Lorne Clearsky, M.D. \u2013 Universit\u00e9 de Calgary<\/li>\n<li>Rose Pittis \u2013 Dilico, Ojibway Health Services<\/li>\n<li>Shanelle Alexander \u2013 Premi\u00e8re nation de Kitselas, programme communautaire PNLAADA<\/li>\n<li>Richard MacLachlan, M.D. \u2013 Universit\u00e9 Dalhousie<\/li>\n<li>Malcolm King, Ph.D. \u2013 Universit\u00e9 de l\u2019Alberta<\/li>\n<li>Laurence J. Kirmayer, M.D. \u2013 Universit\u00e9 McGill<\/li>\n<li>Brian Rush, Ph.D. \u2013 Centre de toxicomanie et de sant\u00e9 mentale\/ Universit\u00e9 de Toronto<\/li>\n<li>Colleen Anne Dell, Ph.D. \u2013 Centre canadien de lutte contre l\u2019alcoolisme et les toxicomanies; Universit\u00e9 de la Saskatchewan<\/li>\n<li>Christiane Poulin, M.D. \u2013 Sant\u00e9 des Premi\u00e8res nations et des Inuits, R\u00e9gion de l\u2019Atlantique, programmes de protection de la sant\u00e9 et services de traitement<\/li>\n<\/ul>\n<\/div>\n<\/div>\n<\/div>\n<\/div>\n<div id=\"sidebar\"><\/div>\n","protected":false},"excerpt":{"rendered":"<p>Le comit\u00e9 comprend des repr\u00e9sentants du Comit\u00e9 consultatif sur la sant\u00e9 publique de l\u2019Assembl\u00e9e des Premi\u00e8res nations, ainsi que des chercheurs en toxicomanie, des professionnels de la sant\u00e9, des a\u00een\u00e9s et des repr\u00e9sentants des communaut\u00e9s des Premi\u00e8res nations. Les membres du comit\u00e9 comprennent notamment : Carol Hopkins (copr\u00e9sidente) \u2013 Nimkee Nupigawagan Healing Centre Dennis Wardman, [&hellip;]<\/p>\n","protected":false},"author":2,"featured_media":0,"parent":0,"menu_order":0,"comment_status":"closed","ping_status":"closed","template":"","meta":[],"_links":{"self":[{"href":"https:\/\/nnadaprenewal.ca\/index.php?rest_route=\/wp\/v2\/pages\/847"}],"collection":[{"href":"https:\/\/nnadaprenewal.ca\/index.php?rest_route=\/wp\/v2\/pages"}],"about":[{"href":"https:\/\/nnadaprenewal.ca\/index.php?rest_route=\/wp\/v2\/types\/page"}],"author":[{"embeddable":true,"href":"https:\/\/nnadaprenewal.ca\/index.php?rest_route=\/wp\/v2\/users\/2"}],"replies":[{"embeddable":true,"href":"https:\/\/nnadaprenewal.ca\/index.php?rest_route=%2Fwp%2Fv2%2Fcomments&post=847"}],"version-history":[{"count":1,"href":"https:\/\/nnadaprenewal.ca\/index.php?rest_route=\/wp\/v2\/pages\/847\/revisions"}],"predecessor-version":[{"id":848,"href":"https:\/\/nnadaprenewal.ca\/index.php?rest_route=\/wp\/v2\/pages\/847\/revisions\/848"}],"wp:attachment":[{"href":"https:\/\/nnadaprenewal.ca\/index.php?rest_route=%2Fwp%2Fv2%2Fmedia&parent=847"}],"curies":[{"name":"wp","href":"https:\/\/api.w.org\/{rel}","templated":true}]}}