{"id":851,"date":"2012-03-03T17:36:48","date_gmt":"2012-03-03T17:36:48","guid":{"rendered":"http:\/\/nnadaprenewal.ca\/?page_id=851"},"modified":"2012-03-03T17:36:48","modified_gmt":"2012-03-03T17:36:48","slug":"strategie-de-communication","status":"publish","type":"page","link":"https:\/\/nnadaprenewal.ca\/?page_id=851","title":{"rendered":"Strat\u00e9gie de communication"},"content":{"rendered":"<p>Carol Hopkins, copr\u00e9sidente du Comit\u00e9 consultatif de lutte contre les toxicomanies chez les Premi\u00e8res nations (CCLTPN), a \u00e9labor\u00e9 une strat\u00e9gie de communication afin que le comit\u00e9 oriente l\u2019\u00e9laboration du cadre de programme renouvel\u00e9 pour le PNLAADA. Cette strat\u00e9gie pr\u00e9sente les personnes et organismes cl\u00e9s qui participeront sur une base continue au dialogue par l\u2019entremise de divers moyens, notamment :<\/p>\n<ul>\n<li>les \u00e9valuations des besoins r\u00e9gionaux<\/li>\n<li>des documents imprim\u00e9s<\/li>\n<li>la diffusion dans Internet<\/li>\n<li>des discussions sur le blogue<\/li>\n<li>des questionnaires \u00e9lectroniques<\/li>\n<li>un dialogue personnel (par ex., entrevues avec des t\u00e9moins privil\u00e9gi\u00e9s ou groupes de discussion)<\/li>\n<\/ul>\n<p>Objectifs de la strat\u00e9gie de communication du CCLTPN\u00a0<strong>Participation et collaboration :<\/strong>par l\u2019entremise de processus officiels et officieux comme : des groupes de discussion, des entrevues avec des t\u00e9moins privil\u00e9gi\u00e9s, des blogues, des enqu\u00eates qui peuvent \u00eatre planifi\u00e9es ou cibler un besoin particulier;\u00a0<strong>Transparence et responsabilit\u00e9 :<\/strong>\u00a0au moyen de la diffusion dans Internet de l\u2019information, des documents de base, des pr\u00e9sentations et d\u2019autre information du comit\u00e9 et en veillant \u00e0 ce qu\u2019il y ait des liens avec d\u2019autres sites Internet cl\u00e9s (APN, groupes de travail r\u00e9gionaux, CCLAT).\u00a0<strong>Participation assur\u00e9e :<\/strong>\u00a0du milieu du PNLAADA et du PNLASJ et de leurs r\u00e9seaux qui formuleront des recommandations fond\u00e9es sur des donn\u00e9es probantes pour le renouvellement du PNLAADA.\u00a0<strong>Exprimer les attentes avec clart\u00e9 :<\/strong>\u00a0concernant les changements \u00e0 apporter au PNLAADA et au PNLASJ et en g\u00e9rant les d\u00e9fis \u00e9ventuels dans le processus de recherche d\u2019un consensus.<\/p>\n","protected":false},"excerpt":{"rendered":"<p>Carol Hopkins, copr\u00e9sidente du Comit\u00e9 consultatif de lutte contre les toxicomanies chez les Premi\u00e8res nations (CCLTPN), a \u00e9labor\u00e9 une strat\u00e9gie de communication afin que le comit\u00e9 oriente l\u2019\u00e9laboration du cadre de programme renouvel\u00e9 pour le PNLAADA. Cette strat\u00e9gie pr\u00e9sente les personnes et organismes cl\u00e9s qui participeront sur une base continue au dialogue par l\u2019entremise de [&hellip;]<\/p>\n","protected":false},"author":2,"featured_media":0,"parent":0,"menu_order":0,"comment_status":"closed","ping_status":"closed","template":"","meta":[],"_links":{"self":[{"href":"https:\/\/nnadaprenewal.ca\/index.php?rest_route=\/wp\/v2\/pages\/851"}],"collection":[{"href":"https:\/\/nnadaprenewal.ca\/index.php?rest_route=\/wp\/v2\/pages"}],"about":[{"href":"https:\/\/nnadaprenewal.ca\/index.php?rest_route=\/wp\/v2\/types\/page"}],"author":[{"embeddable":true,"href":"https:\/\/nnadaprenewal.ca\/index.php?rest_route=\/wp\/v2\/users\/2"}],"replies":[{"embeddable":true,"href":"https:\/\/nnadaprenewal.ca\/index.php?rest_route=%2Fwp%2Fv2%2Fcomments&post=851"}],"version-history":[{"count":1,"href":"https:\/\/nnadaprenewal.ca\/index.php?rest_route=\/wp\/v2\/pages\/851\/revisions"}],"predecessor-version":[{"id":852,"href":"https:\/\/nnadaprenewal.ca\/index.php?rest_route=\/wp\/v2\/pages\/851\/revisions\/852"}],"wp:attachment":[{"href":"https:\/\/nnadaprenewal.ca\/index.php?rest_route=%2Fwp%2Fv2%2Fmedia&parent=851"}],"curies":[{"name":"wp","href":"https:\/\/api.w.org\/{rel}","templated":true}]}}