{"id":853,"date":"2012-03-03T17:42:04","date_gmt":"2012-03-03T17:42:04","guid":{"rendered":"http:\/\/nnadaprenewal.ca\/?page_id=853"},"modified":"2012-03-03T17:42:04","modified_gmt":"2012-03-03T17:42:04","slug":"reunions","status":"publish","type":"page","link":"https:\/\/nnadaprenewal.ca\/?page_id=853","title":{"rendered":"R\u00e9unions"},"content":{"rendered":"<p>Le Comit\u00e9 consultatif de lutte contre les toxicomanies chez les Premi\u00e8res nations \u00e9tait un organe dont le mandat, qui s&#8217;inscrivait dans le cadre du Programme national de lutte contre l&#8217;abus de l&#8217;alcool et des drogues chez les Autochtones (PNLAADA), \u00e9tait limit\u00e9 dans le temps. Voici une liste des r\u00e9unions qui ont eu durant la p\u00e9riode d&#8217;activit\u00e9 du Comit\u00e9.<\/p>\n<p>Edmonton \u2013 Mai 2008 La premi\u00e8re r\u00e9union du Comit\u00e9 consultatif de lutte contre les toxicomanies chez les Premi\u00e8res nations (CCLTPN) a eu lieu \u00e0 Edmonton, Alberta, en mai 2008. La rencontre visait \u00e0 d\u00e9finir l\u2019envergure du travail qui attendait le comit\u00e9. Pour ce faire, on a pr\u00e9sent\u00e9 un aper\u00e7u des services de lutte contre les toxicomanies dans les r\u00e9serves, y compris des pr\u00e9sentations sur l\u2019histoire du PNLAADA;\u00a0<a href=\"http:\/\/nnadaprenewal.ca\/wp-content\/uploads\/2012\/03\/1998_rpt-nnadap-pnlaada-fra.pdf\">l\u2019examen du PNLAADA de 1998<\/a>; ainsi que des exemples des meilleures pratiques actuelles et les plus prometteuses en cours dans le programme. En outre, il y a eu des expos\u00e9s sur d\u2019autres strat\u00e9gies cl\u00e9s sur la sant\u00e9 mentale et les toxicomanies, comme la\u00a0<a href=\"http:\/\/www.nationalframework-cadrenational.ca\/index_f.php?orderid_top=2\">Strat\u00e9gie nationale de traitement<\/a>\u00a0et le plan en sant\u00e9 mentale de dix ans de la C.-B., afin d\u2019orienter le travail du comit\u00e9 dans l\u2019\u00e9laboration d\u2019un cadre de programme renouvel\u00e9 pour le PNLAADA.<\/p>\n<p>Ottawa \u2013 Novembre 2008 La deuxi\u00e8me r\u00e9union du Comit\u00e9 consultatif de lutte contre les toxicomanies chez les Premi\u00e8res nations (CCLTPN) a eu lieu \u00e0 Ottawa, Ontario, en novembre 2008. La rencontre portait sur une vari\u00e9t\u00e9 d\u2019enjeux cl\u00e9s au c\u0153ur du PNLAADA, notamment en ce qui concerne la mesure \u00e0 laquelle les services peuvent mieux r\u00e9pondre aux besoins des femmes autochtones et de leur famille. Il \u00e9tait aussi question des r\u00e9sultats pr\u00e9liminaires du rapport de recherche sur le PNLAADA qui se penchera sur les strat\u00e9gies pour am\u00e9liorer le volet pr\u00e9vention du programme. Il y a eu aussi les pr\u00e9sentations de deux des r\u00e9gions de Sant\u00e9 des Premi\u00e8res nations et des Inuits portant sur leurs m\u00e9thodes d\u2019\u00e9valuation des besoins; une pr\u00e9sentation de la\u00a0<a href=\"http:\/\/www.nationalframework-cadrenational.ca\/index_f.php?orderid_top=2\">Strat\u00e9gie nationale de traitement<\/a>\u00a0sur quelques-unes de leurs prochaines d\u00e9marches; et une discussion pr\u00e9liminaire sur la fa\u00e7on dont sera \u00e9labor\u00e9 le cadre de programme renouvel\u00e9 pour le PNLAADA. Vancouver \u2013 Juin 2009 La troisi\u00e8me r\u00e9union du Comit\u00e9 consultatif de lutte contre les toxicomanies chez les Premi\u00e8res nations (CCLTPN) a eu lieu \u00e0<\/p>\n<p>Vancouver, C.-B., en juin 2009. La rencontre comprenait les pr\u00e9sentations sur deux des \u00e9valuations des besoins r\u00e9gionaux et trois rapports de recherche sur le PNLAADA. En outre, il y a aussi eu une pr\u00e9sentation sur le\u00a0<a href=\"http:\/\/www.csc-scc.gc.ca\/text\/prgrm\/cor-pro-2009-fra.shtml\">Programme pour d\u00e9linquants autochtones toxicomanes<\/a>, lequel constitue un exemple de programme national solidement ancr\u00e9 dans la culture qui int\u00e8gre en m\u00eame temps les meilleures pratiques reconnues dans le traitement des toxicomanies. Finalement, une discussion importante a port\u00e9 sur la fa\u00e7on dont le processus \u00e9voluera au cours des prochains mois, incluant le travail de r\u00e9daction n\u00e9cessaire pour \u00e9laborer le cadre de programme renouvel\u00e9 ainsi que les exercices r\u00e9gionaux et de validation visant \u00e0 mobiliser les communaut\u00e9s et les organismes de repr\u00e9sentation des Premi\u00e8res nations d\u2019un bout \u00e0 l\u2019autre du Canada.<\/p>\n<p>Halifax \u2013 Mars 2010 La quatri\u00e8me r\u00e9union du Comit\u00e9 consultatif de lutte contre les toxicomanies chez les Premi\u00e8res Nations s&#8217;est d\u00e9roul\u00e9e \u00e0 Halifax (Nouvelle-\u00c9cosse), en mars 2010. L&#8217;objectif \u00e9tait de discuter des conclusions et des th\u00e8mes principaux des \u00e9valuations des besoins r\u00e9gionaux et du Forum national sur le renouvellement du PNLAADA. Les mod\u00e8les communautaires de pr\u00e9vention, ainsi que le mod\u00e8le syst\u00e9mique propos\u00e9 pour le renouvellement du cadre de programme ont \u00e9galement \u00e9t\u00e9 abord\u00e9s. Enfin, le groupe a d\u00e9fini des strat\u00e9gies cl\u00e9s pour la confirmation et la validation du cadre, une fois que l&#8217;\u00e9bauche pr\u00eate.<\/p>\n<p>Ottawa \u2013 Septembre 2010 La cinqui\u00e8me et derni\u00e8re r\u00e9union du Comit\u00e9 consultatif de lutte contre les toxicomanies chez les Premi\u00e8res nations a eu lieu \u00e0 Ottawa (Ontario), en septembre 2010, avec le Comit\u00e9 directeur du renouvellement du PNLAADA. Au cours de cette r\u00e9union, la direction du processus est pass\u00e9e des mains du premier Comit\u00e9 (charg\u00e9 de superviser l&#8217;\u00e9laboration du cadre) \u00e0 celles du second (charg\u00e9 d&#8217;en superviser la mise en \u0153uvre). Cette r\u00e9union avait pour objectif d&#8217;examiner une version provisoire du cadre de programme renouvel\u00e9, et de discuter des activit\u00e9s de confirmation avec les communaut\u00e9s et les partenaires.<\/p>\n","protected":false},"excerpt":{"rendered":"<p>Le Comit\u00e9 consultatif de lutte contre les toxicomanies chez les Premi\u00e8res nations \u00e9tait un organe dont le mandat, qui s&#8217;inscrivait dans le cadre du Programme national de lutte contre l&#8217;abus de l&#8217;alcool et des drogues chez les Autochtones (PNLAADA), \u00e9tait limit\u00e9 dans le temps. Voici une liste des r\u00e9unions qui ont eu durant la p\u00e9riode [&hellip;]<\/p>\n","protected":false},"author":2,"featured_media":0,"parent":0,"menu_order":0,"comment_status":"closed","ping_status":"closed","template":"","meta":[],"_links":{"self":[{"href":"https:\/\/nnadaprenewal.ca\/index.php?rest_route=\/wp\/v2\/pages\/853"}],"collection":[{"href":"https:\/\/nnadaprenewal.ca\/index.php?rest_route=\/wp\/v2\/pages"}],"about":[{"href":"https:\/\/nnadaprenewal.ca\/index.php?rest_route=\/wp\/v2\/types\/page"}],"author":[{"embeddable":true,"href":"https:\/\/nnadaprenewal.ca\/index.php?rest_route=\/wp\/v2\/users\/2"}],"replies":[{"embeddable":true,"href":"https:\/\/nnadaprenewal.ca\/index.php?rest_route=%2Fwp%2Fv2%2Fcomments&post=853"}],"version-history":[{"count":1,"href":"https:\/\/nnadaprenewal.ca\/index.php?rest_route=\/wp\/v2\/pages\/853\/revisions"}],"predecessor-version":[{"id":855,"href":"https:\/\/nnadaprenewal.ca\/index.php?rest_route=\/wp\/v2\/pages\/853\/revisions\/855"}],"wp:attachment":[{"href":"https:\/\/nnadaprenewal.ca\/index.php?rest_route=%2Fwp%2Fv2%2Fmedia&parent=853"}],"curies":[{"name":"wp","href":"https:\/\/api.w.org\/{rel}","templated":true}]}}