{"id":858,"date":"2012-03-03T17:46:58","date_gmt":"2012-03-03T17:46:58","guid":{"rendered":"http:\/\/nnadaprenewal.ca\/?page_id=858"},"modified":"2012-03-03T17:46:58","modified_gmt":"2012-03-03T17:46:58","slug":"membres-de-lequipe","status":"publish","type":"page","link":"https:\/\/nnadaprenewal.ca\/?page_id=858","title":{"rendered":"Membres de l\u2019\u00e9quipe"},"content":{"rendered":"<p>Les membres de l\u2019\u00c9quipe de direction comprennent un large \u00e9ventail de repr\u00e9sentants de divers domaines \u2013 pr\u00e9vention, traitement, culture, jeunes, femmes, politiques, sant\u00e9, soins infirmiers, sant\u00e9 publique, recherche \u2013 ainsi que des a\u00een\u00e9s. L\u2019\u00e9quipe assure \u00e9galement une bonne repr\u00e9sentation de la diversit\u00e9 g\u00e9ographique. L\u2019\u00e9quipe comprend aussi un repr\u00e9sentant de Sant\u00e9 des Premi\u00e8res nations et des Inuits de Sant\u00e9 Canada ainsi que des membres du Comit\u00e9 consultatif de lutte contre les toxicomanies chez les Premi\u00e8res nations.<\/p>\n<p>Les membres de l\u2019\u00e9quipe comprennent notamment :<\/p>\n<ul>\n<li>Carol Hopkins (copr\u00e9sidente) \u2013 Fondation autochtone nationale de partenariat pour la lutte contre les d\u00e9pendances<\/li>\n<li>\u00c0 \u00catre D\u00e9termin\u00e9(copr\u00e9sidente) \u2013 Assembl\u00e9e des Premi\u00e8res nations<\/li>\n<li>Joseph Williams, a\u00een\u00e9 \u2013 pr\u00e9sident du conseil des a\u00een\u00e9s de l\u2019APN<\/li>\n<li>Agnes Mills, a\u00een\u00e9e \u2013 membre du conseil d\u2019administration de la FANPLD<\/li>\n<li>Jim Dumont, a\u00een\u00e9 \u2013 membre du Comit\u00e9 consultatif de lutte contre les toxicomanies chez les Premi\u00e8res nations<\/li>\n<li>Debra Dell \u2013 Programme national de lutte contre l\u2019abus de solvants chez les jeunes<\/li>\n<li>Brenda Restoule, Ph. D. \u2013 Native Mental Health Association of Canada<\/li>\n<li>Rose Pittis \u2013 Dilico Anishinabek Family Care, Ont.<\/li>\n<li>Dr. Chris Mushquash &#8211; l&#8217;Universit\u00e9 de Lakehead, ON<\/li>\n<li>Richard MacLachlan, MD \u2013 Universit\u00e9 Dalhousie, N.-\u00c9.<\/li>\n<li>Shannelle Alexander \u2013 Kermode Friendship Society, C.-B.<\/li>\n<li>Colleen Anne Dell, Ph. D. \u2013 Universit\u00e9 de la Saskatchewan<\/li>\n<li>Lynda J Roberts \u2013 Sant\u00e9 Canada (R\u00e9gion de l\u2019Ontario)<\/li>\n<li>Claudie Paul \u2013 Commission de la sant\u00e9 et des services sociaux des Premi\u00e8res nations du Qu\u00e9bec et du Labrador<\/li>\n<li>Gladys Kyme \u2013 Directrice des services de sant\u00e9, collectivit\u00e9 Alexis Nakota Sioux Nation, Alberta<\/li>\n<li>Charles Nicholas \u2013 Travailleur communautaire du\u00a0<abbr title=\"Programme national de lutte contre l'abus de l'alcool et des drogues chez les Autochtones\">PNLAADA<\/abbr>, N.-B.<\/li>\n<li>Tracy Antone \u2013 Chiefs of Ontario<\/li>\n<li>Susan Thomas \u2013 Sagkeeng Family Treatment Centre, Man.<\/li>\n<li>Diane McKay \u2013 File Hills Qu\u2019Appelle Tribal Council, Sask.<\/li>\n<li>Yvonne Rigsby-Jones \u2013 Tsow-Tun Le Lum Treatment Centre, C.-B.<\/li>\n<li>Debbie Nagano &#8212; Tr\u2019ondek Hwe\u2019chin, Yukon<\/li>\n<li>\u00c0 \u00catre D\u00e9termin\u00e9 \u2013 Le Conseil national des jeunes de l\u2019Assembl\u00e9e des Premi\u00e8res Nations<\/li>\n<li>\u00c0 \u00catre D\u00e9termin\u00e9 \u2013 repr\u00e9sentation du nord (Yukon et territoires du Nord-Ouest)<\/li>\n<\/ul>\n","protected":false},"excerpt":{"rendered":"<p>Les membres de l\u2019\u00c9quipe de direction comprennent un large \u00e9ventail de repr\u00e9sentants de divers domaines \u2013 pr\u00e9vention, traitement, culture, jeunes, femmes, politiques, sant\u00e9, soins infirmiers, sant\u00e9 publique, recherche \u2013 ainsi que des a\u00een\u00e9s. L\u2019\u00e9quipe assure \u00e9galement une bonne repr\u00e9sentation de la diversit\u00e9 g\u00e9ographique. L\u2019\u00e9quipe comprend aussi un repr\u00e9sentant de Sant\u00e9 des Premi\u00e8res nations et des [&hellip;]<\/p>\n","protected":false},"author":2,"featured_media":0,"parent":0,"menu_order":0,"comment_status":"closed","ping_status":"closed","template":"","meta":[],"_links":{"self":[{"href":"https:\/\/nnadaprenewal.ca\/index.php?rest_route=\/wp\/v2\/pages\/858"}],"collection":[{"href":"https:\/\/nnadaprenewal.ca\/index.php?rest_route=\/wp\/v2\/pages"}],"about":[{"href":"https:\/\/nnadaprenewal.ca\/index.php?rest_route=\/wp\/v2\/types\/page"}],"author":[{"embeddable":true,"href":"https:\/\/nnadaprenewal.ca\/index.php?rest_route=\/wp\/v2\/users\/2"}],"replies":[{"embeddable":true,"href":"https:\/\/nnadaprenewal.ca\/index.php?rest_route=%2Fwp%2Fv2%2Fcomments&post=858"}],"version-history":[{"count":1,"href":"https:\/\/nnadaprenewal.ca\/index.php?rest_route=\/wp\/v2\/pages\/858\/revisions"}],"predecessor-version":[{"id":859,"href":"https:\/\/nnadaprenewal.ca\/index.php?rest_route=\/wp\/v2\/pages\/858\/revisions\/859"}],"wp:attachment":[{"href":"https:\/\/nnadaprenewal.ca\/index.php?rest_route=%2Fwp%2Fv2%2Fmedia&parent=858"}],"curies":[{"name":"wp","href":"https:\/\/api.w.org\/{rel}","templated":true}]}}