{"id":862,"date":"2012-03-03T18:00:56","date_gmt":"2012-03-03T18:00:56","guid":{"rendered":"http:\/\/nnadaprenewal.ca\/?page_id=862"},"modified":"2012-03-03T18:00:56","modified_gmt":"2012-03-03T18:00:56","slug":"strategie-de-mise-en-oeuvre","status":"publish","type":"page","link":"https:\/\/nnadaprenewal.ca\/?page_id=862","title":{"rendered":"Strat\u00e9gie de mise en \u0153uvre"},"content":{"rendered":"<p>Le plan de travail suivant a \u00e9t\u00e9 \u00e9labor\u00e9 en se fondant sur l\u2019orientation du Comit\u00e9 directeur du renouvellement du PNLAADA et conform\u00e9ment \u00e0 Honorer nos forces : Cadre renouvel\u00e9 du programme de lutte contre les toxicomanies chez les Premi\u00e8res nations du Canada. Il indique les activit\u00e9s de mise en \u0153uvre cl\u00e9s pour l\u2019exercice 2011-2012 (mars 2011 \u00e0 avril 2012), et il met en \u00e9vidence les activit\u00e9s potentielles pour l\u2019exercice 2012\/2013, qui seront r\u00e9vis\u00e9es et am\u00e9lior\u00e9es \u00e0 mesure que la mise en \u0153uvre progresse. Les activit\u00e9s d\u00e9crites ci-dessous seront soutenues et g\u00e9r\u00e9es conjointement par les partenaires nationaux du renouvellement du PNLAADA (l\u2019APN, la FANPLD et Sant\u00e9 Canada, en consultation avec le Comit\u00e9 directeur et les fournisseurs de services, les organisations et les partenaires pertinents). De plus, des projets suppl\u00e9mentaires associ\u00e9s \u00e0 la mise en \u0153uvre peuvent aussi \u00eatre pris en charge par l\u2019APN, la FANPLF et Sant\u00e9 Canada. Ces projets ne sont pas \u00e9num\u00e9r\u00e9s ici, puisqu\u2019ils sont de nature pr\u00e9liminaire; ils comprennent, entre autres, un examen des investissements dans les centres du PNLAADA, une analyse co\u00fbts-avantages du traitement par rapport aux dommages connexes et la mise en \u0153uvre d\u2019un syst\u00e8me national de gestion de l\u2019information pour les centres de traitement du PNLAADA\/PNLASJ.<a href=\"http:\/\/nnadaprenewal.ca\/wp-content\/uploads\/2012\/03\/Prochaines-etapes-Le-plan-de-travail-2011-2012-FR.pdf\">Prochaines \u00e9tapes &#8211; Le plan de travail 2011-2012-FR<\/a><\/p>\n","protected":false},"excerpt":{"rendered":"<p>Le plan de travail suivant a \u00e9t\u00e9 \u00e9labor\u00e9 en se fondant sur l\u2019orientation du Comit\u00e9 directeur du renouvellement du PNLAADA et conform\u00e9ment \u00e0 Honorer nos forces : Cadre renouvel\u00e9 du programme de lutte contre les toxicomanies chez les Premi\u00e8res nations du Canada. Il indique les activit\u00e9s de mise en \u0153uvre cl\u00e9s pour l\u2019exercice 2011-2012 (mars [&hellip;]<\/p>\n","protected":false},"author":2,"featured_media":0,"parent":0,"menu_order":0,"comment_status":"closed","ping_status":"closed","template":"","meta":[],"_links":{"self":[{"href":"https:\/\/nnadaprenewal.ca\/index.php?rest_route=\/wp\/v2\/pages\/862"}],"collection":[{"href":"https:\/\/nnadaprenewal.ca\/index.php?rest_route=\/wp\/v2\/pages"}],"about":[{"href":"https:\/\/nnadaprenewal.ca\/index.php?rest_route=\/wp\/v2\/types\/page"}],"author":[{"embeddable":true,"href":"https:\/\/nnadaprenewal.ca\/index.php?rest_route=\/wp\/v2\/users\/2"}],"replies":[{"embeddable":true,"href":"https:\/\/nnadaprenewal.ca\/index.php?rest_route=%2Fwp%2Fv2%2Fcomments&post=862"}],"version-history":[{"count":1,"href":"https:\/\/nnadaprenewal.ca\/index.php?rest_route=\/wp\/v2\/pages\/862\/revisions"}],"predecessor-version":[{"id":864,"href":"https:\/\/nnadaprenewal.ca\/index.php?rest_route=\/wp\/v2\/pages\/862\/revisions\/864"}],"wp:attachment":[{"href":"https:\/\/nnadaprenewal.ca\/index.php?rest_route=%2Fwp%2Fv2%2Fmedia&parent=862"}],"curies":[{"name":"wp","href":"https:\/\/api.w.org\/{rel}","templated":true}]}}