{"id":865,"date":"2012-03-03T18:14:47","date_gmt":"2012-03-03T18:14:47","guid":{"rendered":"http:\/\/nnadaprenewal.ca\/?page_id=865"},"modified":"2012-03-03T18:14:47","modified_gmt":"2012-03-03T18:14:47","slug":"reunions-2","status":"publish","type":"page","link":"https:\/\/nnadaprenewal.ca\/?page_id=865","title":{"rendered":"R\u00e9unions"},"content":{"rendered":"<h2>Ottawa \u2013 Septembre 2010<\/h2>\n<p>La premi\u00e8re r\u00e9union du Comit\u00e9 directeur avec le Comit\u00e9 consultatif de lutte contre les toxicomanies chez les Premi\u00e8res nations s&#8217;est tenue en septembre 2010 \u00e0 Ottawa (Ontario). Au cours de cette r\u00e9union, la direction du processus est pass\u00e9e des mains du second Comit\u00e9 (charg\u00e9 de superviser l&#8217;\u00e9laboration du cadre) \u00e0 celles du premier (charg\u00e9 d&#8217;en superviser la mise en \u0153uvre). Cette r\u00e9union avait pour objectif d&#8217;examiner une version provisoire du cadre de programme renouvel\u00e9, et de discuter des activit\u00e9s de confirmation avec les communaut\u00e9s et les partenaires.<\/p>\n<p>&nbsp;<\/p>\n<h2>Toronto \u2013 F\u00e9vrier 2011<\/h2>\n<p>La troisi\u00e8me r\u00e9union du Comit\u00e9 directeur du renouvellement du\u00a0<abbr title=\"Programme national de lutte contre l'abus de l'alcool et des drogues chez les Autochtones\">PNLAADA<\/abbr>, qui a eu lieu en f\u00e9vrier 2011 \u00e0 Toronto (Ontario), s&#8217;est articul\u00e9e autour de diff\u00e9rents sujets, notamment la strat\u00e9gie de progression requise pour le document sur le renouvellement du cadre, et la fa\u00e7on dont le cadre pourrait s&#8217;inscrire dans la Strat\u00e9gie nationale sur le traitement, et la promouvoir. Le Comit\u00e9 directeur a con\u00e7u une m\u00e9thode de planification strat\u00e9gique de mise en \u0153uvre du cadre afin de s&#8217;assurer que toutes les possibilit\u00e9s ont \u00e9t\u00e9 prises en compte pour soutenir les processus de gestion du changement \u00e0 tous les niveaux.<\/p>\n<p>&nbsp;<\/p>\n<h2>Ottawa \u2013 Septembre 2011<\/h2>\n<p>La quatri\u00e8me r\u00e9union du Comit\u00e9 directeur du renouvellement du\u00a0<abbr title=\"Programme national de lutte contre l'abus de l'alcool et des drogues chez les Autochtones\">PNLAADA<\/abbr>\u00a0a eu lieu \u00e0 Ottawa. Le comit\u00e9 a examin\u00e9 la mise en \u0153uvre du cadre (conform\u00e9ment \u00e0 son plan de travail) afin de confirmer l&#8217;engagement de l&#8217;\u00e9quipe \u00e0 l&#8217;\u00e9gard des activit\u00e9s de mise en \u0153uvre, et il a aussi discut\u00e9 d&#8217;information et des priorit\u00e9s entourant la toxicomanie chez les Premi\u00e8res nations. Le comit\u00e9 a proc\u00e9d\u00e9 \u00e0 la planification initiale du Forum national du processus de renouvellement (pr\u00e9vu en janvier 2012). De plus, le Comit\u00e9 directeur a assist\u00e9 \u00e0 des pr\u00e9sentations de deux divisions de la Direction g\u00e9n\u00e9rale de la sant\u00e9 des Premi\u00e8res nations et des Inuits de Sant\u00e9 Canada, portant sur des constatations pr\u00e9liminaires de travaux r\u00e9cents li\u00e9s aux priorit\u00e9s de renouvellement du\u00a0<abbr title=\"Programme national de lutte contre l'abus de l'alcool et des drogues chez les Autochtones\">PNLAADA<\/abbr>.<\/p>\n","protected":false},"excerpt":{"rendered":"<p>Ottawa \u2013 Septembre 2010 La premi\u00e8re r\u00e9union du Comit\u00e9 directeur avec le Comit\u00e9 consultatif de lutte contre les toxicomanies chez les Premi\u00e8res nations s&#8217;est tenue en septembre 2010 \u00e0 Ottawa (Ontario). Au cours de cette r\u00e9union, la direction du processus est pass\u00e9e des mains du second Comit\u00e9 (charg\u00e9 de superviser l&#8217;\u00e9laboration du cadre) \u00e0 celles [&hellip;]<\/p>\n","protected":false},"author":2,"featured_media":0,"parent":0,"menu_order":0,"comment_status":"closed","ping_status":"closed","template":"","meta":[],"_links":{"self":[{"href":"https:\/\/nnadaprenewal.ca\/index.php?rest_route=\/wp\/v2\/pages\/865"}],"collection":[{"href":"https:\/\/nnadaprenewal.ca\/index.php?rest_route=\/wp\/v2\/pages"}],"about":[{"href":"https:\/\/nnadaprenewal.ca\/index.php?rest_route=\/wp\/v2\/types\/page"}],"author":[{"embeddable":true,"href":"https:\/\/nnadaprenewal.ca\/index.php?rest_route=\/wp\/v2\/users\/2"}],"replies":[{"embeddable":true,"href":"https:\/\/nnadaprenewal.ca\/index.php?rest_route=%2Fwp%2Fv2%2Fcomments&post=865"}],"version-history":[{"count":2,"href":"https:\/\/nnadaprenewal.ca\/index.php?rest_route=\/wp\/v2\/pages\/865\/revisions"}],"predecessor-version":[{"id":867,"href":"https:\/\/nnadaprenewal.ca\/index.php?rest_route=\/wp\/v2\/pages\/865\/revisions\/867"}],"wp:attachment":[{"href":"https:\/\/nnadaprenewal.ca\/index.php?rest_route=%2Fwp%2Fv2%2Fmedia&parent=865"}],"curies":[{"name":"wp","href":"https:\/\/api.w.org\/{rel}","templated":true}]}}