{"id":878,"date":"2012-03-03T18:40:54","date_gmt":"2012-03-03T18:40:54","guid":{"rendered":"http:\/\/nnadaprenewal.ca\/?page_id=878"},"modified":"2012-03-03T18:40:54","modified_gmt":"2012-03-03T18:40:54","slug":"rapport-no-3-sante-mentale","status":"publish","type":"page","link":"https:\/\/nnadaprenewal.ca\/?page_id=878","title":{"rendered":"Rapport no 3 : Sant\u00e9 mentale"},"content":{"rendered":"<p>Dans le cadre du PNLAADA, l\u2019acc\u00e8s \u00e0 des services en sant\u00e9 mentale demeure une pr\u00e9occupation principale pour les communaut\u00e9s des Premi\u00e8res nations au Canada. En r\u00e8gle g\u00e9n\u00e9rale, environ la moiti\u00e9 de toutes les personnes pr\u00e9sentant un probl\u00e8me d\u2019abus de substance ont d\u00e9j\u00e0 \u00e9t\u00e9 aux prises avec un probl\u00e8me de sant\u00e9 mentale \u2013 et on croit que ces taux pourraient \u00eatre plus \u00e9lev\u00e9s chez les populations des Premi\u00e8res nations et des Inuits en raison de facteurs historiques et soci\u00e9taux. Toutefois, de nombreux services du PNLAADA, particuli\u00e8rement ceux offerts dans les r\u00e9gions esbign\u00e9es, semi-esbign\u00e9es et pr\u00e8s des villes, n\u2019ont pas acc\u00e8s aux ressources en sant\u00e9 mentale n\u00e9cessaires pour soutenir les clients aux prises avec des probl\u00e8mes concomitants de consommation de drogues et de sant\u00e9 mentale. Ce rapport portera sur les strat\u00e9gies et les meilleures pratiques pour am\u00e9liorer les services et le soutien en sant\u00e9 mentale dans le cadre du PNLAADA. Au moyen d\u2019une analyse documentaire et d\u2019entrevues avec des t\u00e9moins privil\u00e9gi\u00e9s, le rapport de recherche sur la sant\u00e9 mentale examinera les strat\u00e9gies actuelles, les services de la culture dominante et ceux con\u00e7us pr\u00e9cis\u00e9ment pour les Autochtones, pour faire en sorte que le PNLAADA offre des services et un soutien appropri\u00e9s, fond\u00e9s sur des donn\u00e9es probantes et adapt\u00e9s \u00e0 la culture. Le rapport d\u00e9terminera les lacunes dans le service; il mettra en lumi\u00e8re des mod\u00e8les de pratiques, de partenariats et d\u2019accords exemplaires et prometteurs; il d\u00e9terminera des partenariats et accords potentiels pour am\u00e9liorer la prestation des services en sant\u00e9 mentale; et il fournira des recommandations pour l\u2019int\u00e9gration des volets pr\u00e9vention et traitement en sant\u00e9 mentale et toxicomanie. Auteur : Rod McCormick, Ph.D. et Darryl Quantz\u00a0<a href=\"http:\/\/nnadaprenewal.ca\/wp-content\/uploads\/2012\/03\/ameliorer-les-services-de-soins-et-de-soutien-en-sante-mentale-dans-le-cadre-du-programme-national-d.pdf\">Rapport no 3 : Sant\u00e9 mentale<\/a>\u00a0<a href=\"http:\/\/nnadaprenewal.ca\/wp-content\/uploads\/2012\/03\/resume-amelioration-des-services-et-du-soutien-en-sante-mentale-dans-le-cadre-du-programme-national-1.pdf\">R\u00e9sum\u00e9 &#8211; Rapport no 3\u00a0: Sant\u00e9 mentale (PDF)<\/a><\/p>\n","protected":false},"excerpt":{"rendered":"<p>Dans le cadre du PNLAADA, l\u2019acc\u00e8s \u00e0 des services en sant\u00e9 mentale demeure une pr\u00e9occupation principale pour les communaut\u00e9s des Premi\u00e8res nations au Canada. En r\u00e8gle g\u00e9n\u00e9rale, environ la moiti\u00e9 de toutes les personnes pr\u00e9sentant un probl\u00e8me d\u2019abus de substance ont d\u00e9j\u00e0 \u00e9t\u00e9 aux prises avec un probl\u00e8me de sant\u00e9 mentale \u2013 et on croit [&hellip;]<\/p>\n","protected":false},"author":2,"featured_media":0,"parent":0,"menu_order":0,"comment_status":"closed","ping_status":"closed","template":"","meta":[],"_links":{"self":[{"href":"https:\/\/nnadaprenewal.ca\/index.php?rest_route=\/wp\/v2\/pages\/878"}],"collection":[{"href":"https:\/\/nnadaprenewal.ca\/index.php?rest_route=\/wp\/v2\/pages"}],"about":[{"href":"https:\/\/nnadaprenewal.ca\/index.php?rest_route=\/wp\/v2\/types\/page"}],"author":[{"embeddable":true,"href":"https:\/\/nnadaprenewal.ca\/index.php?rest_route=\/wp\/v2\/users\/2"}],"replies":[{"embeddable":true,"href":"https:\/\/nnadaprenewal.ca\/index.php?rest_route=%2Fwp%2Fv2%2Fcomments&post=878"}],"version-history":[{"count":1,"href":"https:\/\/nnadaprenewal.ca\/index.php?rest_route=\/wp\/v2\/pages\/878\/revisions"}],"predecessor-version":[{"id":881,"href":"https:\/\/nnadaprenewal.ca\/index.php?rest_route=\/wp\/v2\/pages\/878\/revisions\/881"}],"wp:attachment":[{"href":"https:\/\/nnadaprenewal.ca\/index.php?rest_route=%2Fwp%2Fv2%2Fmedia&parent=878"}],"curies":[{"name":"wp","href":"https:\/\/api.w.org\/{rel}","templated":true}]}}