{"id":882,"date":"2012-03-04T14:39:11","date_gmt":"2012-03-04T14:39:11","guid":{"rendered":"http:\/\/nnadaprenewal.ca\/?page_id=882"},"modified":"2012-03-04T14:39:11","modified_gmt":"2012-03-04T14:39:11","slug":"rapport-no-4-chronologie-historique-du-pnlaada","status":"publish","type":"page","link":"https:\/\/nnadaprenewal.ca\/?page_id=882","title":{"rendered":"Rapport no 4 : Chronologie historique du PNLAADA"},"content":{"rendered":"<p>Depuis sa cr\u00e9ation en 1982, le Programme national de lutte contre l\u2019abus de l\u2019alcool et des drogues chez les Autochtones (PNLAADA) a entrepris plusieurs examens \u00e0 l\u2019\u00e9chelle r\u00e9gionale et nationale. Ces examens ont permis de d\u00e9gager des recommandations, commentaires et mod\u00e8les cl\u00e9s qui demeurent pertinents. En d\u00e9taillant des \u00e9v\u00e9nements cl\u00e9s dans l&#8217;histoire de la PNLAADA, la DGSPNI et ses partenaires seront mieux en mesure de d\u00e9terminer comment renouveler le programme dans le cadre du processus de renouvellement. La chronologie historique fournira un examen des documents du PNLAADA qui mettra en lumi\u00e8re ses r\u00e9ussites et les paliers depuis la mise sur pied du programme. Cette chronologie se construira par l\u2019analyse de recherches ant\u00e9rieures et de documentation, incluant les politiques, les \u00e9valuations des besoins, les documents sur les pratiques exemplaires et les documents de discussion. En outre, on effectuera des entrevues de t\u00e9moins privil\u00e9gi\u00e9s avec les principaux coordonnateurs et cadres qui ont jou\u00e9 un r\u00f4le d\u00e9terminant dans l\u2019histoire du PNLAADA. Auteur : Fondation autochtone nationale de partenariat pour la lutte contre les d\u00e9pendances, Assembl\u00e9e des Premi\u00e8res Nations, Direction g\u00e9n\u00e9rale de la sant\u00e9 des Premi\u00e8res nations, des Inuits\u00a0<a href=\"http:\/\/nnadaprenewal.ca\/wp-content\/uploads\/2012\/03\/chronologie-historique-du-pnlaada.pdf\">Rapport no 4 : Chronologie historique du PNLAADA (PDF)<\/a><\/p>\n","protected":false},"excerpt":{"rendered":"<p>Depuis sa cr\u00e9ation en 1982, le Programme national de lutte contre l\u2019abus de l\u2019alcool et des drogues chez les Autochtones (PNLAADA) a entrepris plusieurs examens \u00e0 l\u2019\u00e9chelle r\u00e9gionale et nationale. Ces examens ont permis de d\u00e9gager des recommandations, commentaires et mod\u00e8les cl\u00e9s qui demeurent pertinents. En d\u00e9taillant des \u00e9v\u00e9nements cl\u00e9s dans l&#8217;histoire de la PNLAADA, [&hellip;]<\/p>\n","protected":false},"author":2,"featured_media":0,"parent":0,"menu_order":0,"comment_status":"closed","ping_status":"closed","template":"","meta":[],"_links":{"self":[{"href":"https:\/\/nnadaprenewal.ca\/index.php?rest_route=\/wp\/v2\/pages\/882"}],"collection":[{"href":"https:\/\/nnadaprenewal.ca\/index.php?rest_route=\/wp\/v2\/pages"}],"about":[{"href":"https:\/\/nnadaprenewal.ca\/index.php?rest_route=\/wp\/v2\/types\/page"}],"author":[{"embeddable":true,"href":"https:\/\/nnadaprenewal.ca\/index.php?rest_route=\/wp\/v2\/users\/2"}],"replies":[{"embeddable":true,"href":"https:\/\/nnadaprenewal.ca\/index.php?rest_route=%2Fwp%2Fv2%2Fcomments&post=882"}],"version-history":[{"count":1,"href":"https:\/\/nnadaprenewal.ca\/index.php?rest_route=\/wp\/v2\/pages\/882\/revisions"}],"predecessor-version":[{"id":884,"href":"https:\/\/nnadaprenewal.ca\/index.php?rest_route=\/wp\/v2\/pages\/882\/revisions\/884"}],"wp:attachment":[{"href":"https:\/\/nnadaprenewal.ca\/index.php?rest_route=%2Fwp%2Fv2%2Fmedia&parent=882"}],"curies":[{"name":"wp","href":"https:\/\/api.w.org\/{rel}","templated":true}]}}