{"id":885,"date":"2012-03-04T14:44:11","date_gmt":"2012-03-04T14:44:11","guid":{"rendered":"http:\/\/nnadaprenewal.ca\/?page_id=885"},"modified":"2012-03-04T14:44:11","modified_gmt":"2012-03-04T14:44:11","slug":"5e-rapport-etude-des-reseaux-du-pnlaada","status":"publish","type":"page","link":"https:\/\/nnadaprenewal.ca\/?page_id=885","title":{"rendered":"5e rapport : \u00c9tude des r\u00e9seaux du PNLAADA"},"content":{"rendered":"<p>Au Canada comme sur la sc\u00e8ne internationale, le domaine des toxicomanies est ax\u00e9 de plus en plus sur l\u2019am\u00e9lioration de la coordination des services \u00e0 l\u2019\u00e9chelle des r\u00e9seaux. Cela am\u00e8ne des secteurs \u00e0 se recouper, comme les comp\u00e9tences en mati\u00e8re de sant\u00e9, de services sociaux, de logement et d\u2019\u00e9ducation. Ces mod\u00e8les pr\u00f4nent l\u2019offre de services et de soutien par une gamme compl\u00e8te de soins allant de services intensifs r\u00e9serv\u00e9s aux personnes pr\u00e9sentant les plus grands besoins, aux services et au soutien moins intensifs offerts \u00e0 celles dont les besoins sont moins pressants. Le Comit\u00e9 consultatif de lutte contre les toxicomanies chez les Premi\u00e8res nations met constamment en relief la n\u00e9cessit\u00e9 d\u2019\u00e9laborer un mod\u00e8le conceptuel permettant d\u2019optimiser les services de pr\u00e9vention et de traitement au niveau des r\u00e9seaux. Ce projet a pour objet d\u2019\u00e9laborer un mod\u00e8le conceptuel adapt\u00e9 \u00e0 la culture et fond\u00e9 sur des donn\u00e9es probantes pour les services de pr\u00e9vention et de traitement du PNLAADA \u00e0 l\u2019\u00e9chelle des r\u00e9seaux. Ce mod\u00e8le sera fond\u00e9 sur les \u00e9l\u00e9ments suivants : les r\u00e9sultats et conclusions des\u00a0<a title=\"\u00c0 propos des \u00e9valuations des besoins r\u00e9gionaux\" href=\"http:\/\/nnadaprenewal.ca\/fr\/?page_id=828\">rapports d\u2019\u00e9valuation des besoins r\u00e9gionaux<\/a>; les principales conclusions du Forum national sur le renouvellement du PNLAADA, les<a title=\"\u00c0 propos de la recherche sur le renouvellement du PNLAADA\" href=\"http:\/\/nnadaprenewal.ca\/fr\/?page_id=831\">rapports de recherche sur le renouvellement du PNLAADA<\/a>; les entrevues avec des t\u00e9moins privil\u00e9gi\u00e9s; et un examen des cadres de travail et mod\u00e8les nationaux et internationaux qui savent combiner les approches autochtones du mieux-\u00eatre mental avec celles de la culture dominante. Cette \u00e9tude formera un volet central du rapport sur le cadre de travail pour le renouvellement du PNLAADA et d\u00e9terminera avec pr\u00e9cision les points forts, les limites et les possibilit\u00e9s en ce qui concerne l\u2019offre de services de pr\u00e9vention et de traitement dans le cadre du PNLAADA.\u00a0\u00a0<strong>Auteurs :<\/strong>\u00a0Peter Menzies, Ph.D., Wayne Skinner, David Brown, Ph.D.\u00a0<a href=\"http:\/\/nnadaprenewal.ca\/wp-content\/uploads\/2012\/03\/voies-d\u2019acces-aux-soins-pour-des-cheminements-de-guerison-modele-systemique-pour-orienter-le-renouve.pdf\">Rapport no 5 : Syst\u00e8mes (PDF)<\/a>\u00a0<a href=\"http:\/\/nnadaprenewal.ca\/wp-content\/uploads\/2012\/03\/resume-les-chemins-de-la-guerison-modele-de-systemes-visant-appuyer-le-renouvellement-du-programme-n.pdf\">R\u00e9sum\u00e9 &#8211; Rapport no 5 : Syst\u00e8mes (PDF)<\/a><\/p>\n","protected":false},"excerpt":{"rendered":"<p>Au Canada comme sur la sc\u00e8ne internationale, le domaine des toxicomanies est ax\u00e9 de plus en plus sur l\u2019am\u00e9lioration de la coordination des services \u00e0 l\u2019\u00e9chelle des r\u00e9seaux. Cela am\u00e8ne des secteurs \u00e0 se recouper, comme les comp\u00e9tences en mati\u00e8re de sant\u00e9, de services sociaux, de logement et d\u2019\u00e9ducation. Ces mod\u00e8les pr\u00f4nent l\u2019offre de services [&hellip;]<\/p>\n","protected":false},"author":2,"featured_media":0,"parent":0,"menu_order":0,"comment_status":"closed","ping_status":"closed","template":"","meta":[],"_links":{"self":[{"href":"https:\/\/nnadaprenewal.ca\/index.php?rest_route=\/wp\/v2\/pages\/885"}],"collection":[{"href":"https:\/\/nnadaprenewal.ca\/index.php?rest_route=\/wp\/v2\/pages"}],"about":[{"href":"https:\/\/nnadaprenewal.ca\/index.php?rest_route=\/wp\/v2\/types\/page"}],"author":[{"embeddable":true,"href":"https:\/\/nnadaprenewal.ca\/index.php?rest_route=\/wp\/v2\/users\/2"}],"replies":[{"embeddable":true,"href":"https:\/\/nnadaprenewal.ca\/index.php?rest_route=%2Fwp%2Fv2%2Fcomments&post=885"}],"version-history":[{"count":1,"href":"https:\/\/nnadaprenewal.ca\/index.php?rest_route=\/wp\/v2\/pages\/885\/revisions"}],"predecessor-version":[{"id":888,"href":"https:\/\/nnadaprenewal.ca\/index.php?rest_route=\/wp\/v2\/pages\/885\/revisions\/888"}],"wp:attachment":[{"href":"https:\/\/nnadaprenewal.ca\/index.php?rest_route=%2Fwp%2Fv2%2Fmedia&parent=885"}],"curies":[{"name":"wp","href":"https:\/\/api.w.org\/{rel}","templated":true}]}}