{"id":889,"date":"2012-03-04T14:46:43","date_gmt":"2012-03-04T14:46:43","guid":{"rendered":"http:\/\/nnadaprenewal.ca\/?page_id=889"},"modified":"2012-03-04T14:46:43","modified_gmt":"2012-03-04T14:46:43","slug":"forum-de-recherchebroken-link","status":"publish","type":"page","link":"https:\/\/nnadaprenewal.ca\/?page_id=889","title":{"rendered":"Forum de recherche(broken link)"},"content":{"rendered":"<p>Le forum de recherche sur le renouvellement du PNLAADA et le mieux-\u00eatre mental a eu lieu \u00e0 Ottawa le 23 f\u00e9vrier 2009. La rencontre avait pour but de favoriser la collaboration et l\u2019atteinte de consensus entre les chercheurs travaillant sur les rapports de recherche relativement au renouvellement du PNLAADA. Les participants \u00e0 l\u2019atelier comptaient cinq chercheurs li\u00e9s aux \u00e9quipes ax\u00e9es sur le renouvellement du PNLAADA et le mieux-\u00eatre mental, des repr\u00e9sentants de l\u2019Assembl\u00e9e des Premi\u00e8res nations, la Fondation autochtone nationale de partenariat pour la lutte contre les d\u00e9pendances et la Direction g\u00e9n\u00e9rale de la sant\u00e9 des Premi\u00e8res nations et des Inuits de Sant\u00e9 Canada.\u00a0<a href=\"http:\/\/www.nnadaprenewal.ca\/sites\/www.nnadaprenewal.ca\/files\/10_03_08\/en\/Key%20Findings%20NNADAP%20Renewal%20Research%20Forum_Feb%2023_09-FR.pdf\">Principales conclusions de la rencontre<\/a>\u00a0(BROKEN LINK)<\/p>\n","protected":false},"excerpt":{"rendered":"<p>Le forum de recherche sur le renouvellement du PNLAADA et le mieux-\u00eatre mental a eu lieu \u00e0 Ottawa le 23 f\u00e9vrier 2009. La rencontre avait pour but de favoriser la collaboration et l\u2019atteinte de consensus entre les chercheurs travaillant sur les rapports de recherche relativement au renouvellement du PNLAADA. Les participants \u00e0 l\u2019atelier comptaient cinq [&hellip;]<\/p>\n","protected":false},"author":2,"featured_media":0,"parent":0,"menu_order":0,"comment_status":"closed","ping_status":"closed","template":"","meta":[],"_links":{"self":[{"href":"https:\/\/nnadaprenewal.ca\/index.php?rest_route=\/wp\/v2\/pages\/889"}],"collection":[{"href":"https:\/\/nnadaprenewal.ca\/index.php?rest_route=\/wp\/v2\/pages"}],"about":[{"href":"https:\/\/nnadaprenewal.ca\/index.php?rest_route=\/wp\/v2\/types\/page"}],"author":[{"embeddable":true,"href":"https:\/\/nnadaprenewal.ca\/index.php?rest_route=\/wp\/v2\/users\/2"}],"replies":[{"embeddable":true,"href":"https:\/\/nnadaprenewal.ca\/index.php?rest_route=%2Fwp%2Fv2%2Fcomments&post=889"}],"version-history":[{"count":1,"href":"https:\/\/nnadaprenewal.ca\/index.php?rest_route=\/wp\/v2\/pages\/889\/revisions"}],"predecessor-version":[{"id":890,"href":"https:\/\/nnadaprenewal.ca\/index.php?rest_route=\/wp\/v2\/pages\/889\/revisions\/890"}],"wp:attachment":[{"href":"https:\/\/nnadaprenewal.ca\/index.php?rest_route=%2Fwp%2Fv2%2Fmedia&parent=889"}],"curies":[{"name":"wp","href":"https:\/\/api.w.org\/{rel}","templated":true}]}}