{"id":891,"date":"2012-03-04T14:49:27","date_gmt":"2012-03-04T14:49:27","guid":{"rendered":"http:\/\/nnadaprenewal.ca\/?page_id=891"},"modified":"2012-03-04T14:49:27","modified_gmt":"2012-03-04T14:49:27","slug":"rapport-sur-les-interventions-fondees-sur-des-donnees-probantes","status":"publish","type":"page","link":"https:\/\/nnadaprenewal.ca\/?page_id=891","title":{"rendered":"Rapport sur les interventions fond\u00e9es sur des donn\u00e9es probantes"},"content":{"rendered":"<p>Le processus de renouvellement s\u2019appuie sur l\u2019id\u00e9e qu\u2019il faut un \u00e9ventail complet de donn\u00e9es probantes, \u00e0 caract\u00e8re autochtone et non autochtone, afin d\u2019arriver \u00e0 trouver des solutions compl\u00e8tes et efficaces pour le PNLAADA. Chacun des rapports de recherche sur le PNLAADA se penchera, \u00e0 divers degr\u00e9s, sur le r\u00f4le de la culture dans les services en toxicomanie. Cependant, le renouvellement du PNLAADA n\u00e9cessitera aussi un survol des donn\u00e9es probantes disponibles, tant en ce qui concerne les services r\u00e9guliers que ceux ax\u00e9s sur les Autochtones. En 2005, pour soutenir les initiatives de renouvellement dans les ann\u00e9es \u00e0 venir, Sant\u00e9 Canada a command\u00e9 un rapport intitul\u00e9\u00a0<a href=\"http:\/\/nnadaprenewal.ca\/wp-content\/uploads\/2012\/03\/Health_Canada_2005_Interventions_Supported_by_Sci_Ev_for_SA_Treatment_HR_Prevent1.pdf\">Interventions Supported by Scientific Evidence for Substance Abuse Treatment, Harm Reduction and Prevention<\/a>(Ogborne, Pagia-Boak, and Graves). Le rapport pr\u00e9sente une synth\u00e8se des donn\u00e9es probantes sur les interventions visant \u00e0 pr\u00e9venir, \u00e0 r\u00e9parer ou \u00e0 att\u00e9nuer les torts associ\u00e9s \u00e0 l\u2019abus de substances.<\/p>\n","protected":false},"excerpt":{"rendered":"<p>Le processus de renouvellement s\u2019appuie sur l\u2019id\u00e9e qu\u2019il faut un \u00e9ventail complet de donn\u00e9es probantes, \u00e0 caract\u00e8re autochtone et non autochtone, afin d\u2019arriver \u00e0 trouver des solutions compl\u00e8tes et efficaces pour le PNLAADA. Chacun des rapports de recherche sur le PNLAADA se penchera, \u00e0 divers degr\u00e9s, sur le r\u00f4le de la culture dans les services [&hellip;]<\/p>\n","protected":false},"author":2,"featured_media":0,"parent":0,"menu_order":0,"comment_status":"closed","ping_status":"closed","template":"","meta":[],"_links":{"self":[{"href":"https:\/\/nnadaprenewal.ca\/index.php?rest_route=\/wp\/v2\/pages\/891"}],"collection":[{"href":"https:\/\/nnadaprenewal.ca\/index.php?rest_route=\/wp\/v2\/pages"}],"about":[{"href":"https:\/\/nnadaprenewal.ca\/index.php?rest_route=\/wp\/v2\/types\/page"}],"author":[{"embeddable":true,"href":"https:\/\/nnadaprenewal.ca\/index.php?rest_route=\/wp\/v2\/users\/2"}],"replies":[{"embeddable":true,"href":"https:\/\/nnadaprenewal.ca\/index.php?rest_route=%2Fwp%2Fv2%2Fcomments&post=891"}],"version-history":[{"count":1,"href":"https:\/\/nnadaprenewal.ca\/index.php?rest_route=\/wp\/v2\/pages\/891\/revisions"}],"predecessor-version":[{"id":893,"href":"https:\/\/nnadaprenewal.ca\/index.php?rest_route=\/wp\/v2\/pages\/891\/revisions\/893"}],"wp:attachment":[{"href":"https:\/\/nnadaprenewal.ca\/index.php?rest_route=%2Fwp%2Fv2%2Fmedia&parent=891"}],"curies":[{"name":"wp","href":"https:\/\/api.w.org\/{rel}","templated":true}]}}