{"id":897,"date":"2012-03-04T15:05:21","date_gmt":"2012-03-04T15:05:21","guid":{"rendered":"http:\/\/nnadaprenewal.ca\/?page_id=897"},"modified":"2012-03-04T15:05:21","modified_gmt":"2012-03-04T15:05:21","slug":"fixevaluations-des-besoins-regionaux-de-spnionly-last-link-works","status":"publish","type":"page","link":"https:\/\/nnadaprenewal.ca\/?page_id=897","title":{"rendered":"FIX:\u00c9valuations des besoins r\u00e9gionaux de SPNI(ONLY LAST LINK WORKS)"},"content":{"rendered":"<p><strong>R\u00e9gion de la C.-B.<\/strong><\/p>\n<p>Dans le cadre de l\u2019\u00e9valuation des besoins r\u00e9gionaux pour la Colombie-Britannique, pr\u00e8s de 125 personnes ont particip\u00e9 au processus de collecte des donn\u00e9es. Des entrevues ont \u00e9t\u00e9 men\u00e9es avec 12 directeurs de services de sant\u00e9 et avec 12 membres du personnel dans 6 centres de traitement. De plus, 62 membres de la communaut\u00e9 et 47 intervenants du PNLAADA ont r\u00e9pondu \u00e0 des questionnaires en ligne. L\u2019\u00e9valuation des besoins r\u00e9gionaux de la Colombie-Britannique a \u00e9t\u00e9 supervis\u00e9e par un comit\u00e9 directeur compos\u00e9 de membres de la communaut\u00e9, aussi bien que de repr\u00e9sentants de l\u2019Association of BC First Nations Treatment Directors (association des directeurs de centres de traitement des Premi\u00e8res nations de la C.-B.), la Northern Health Authority, la Stehiyaq Aboriginal Healing Society, l\u2019Aboriginal and Community Relations et Child and Youth de la C.-B. Le contrat pour l\u2019\u00e9valuation des besoins r\u00e9gionaux a \u00e9t\u00e9 administr\u00e9 par le Conseil de la sant\u00e9 des Premi\u00e8res nations en Colombie-Britannique, avec le soutien de SPNI de la C.-B.\u00a0<a href=\"http:\/\/www.nnadaprenewal.ca\/sites\/www.nnadaprenewal.ca\/files\/10_03_08\/fr\/BC_RNA_Exec_Summ-FR.pdf\">Evaluations des besions regionaux de SPNI &#8211; C.-B (PDF)<\/a><\/p>\n<p><strong>R\u00e9gion de l\u2019Alberta<\/strong><\/p>\n<p>Dans le cadre de l\u2019\u00e9valuation des besoins r\u00e9gionaux pour l\u2019Alberta, environ 400 personnes ont particip\u00e9 au processus de collecte des donn\u00e9es. Des membres de la communaut\u00e9 ont pris part \u00e0 44 groupes de discussion dans 14 Premi\u00e8res nations et autres emplacements importants. Le processus comportait aussi une analyse documentaire, des entrevues individuelles avec des t\u00e9moins privil\u00e9gi\u00e9s repr\u00e9sentant les services provinciaux en sant\u00e9 et toxicomanie et des parties prenantes de la communaut\u00e9 autochtone. On a fait remplir des questionnaires \u00e0 127 fournisseurs de services (54 intervenants du PNLAADA, 29 autres professionnels de la sant\u00e9 \u0153uvrant dans la communaut\u00e9, et 44 autres membres int\u00e9ress\u00e9s de la communaut\u00e9). Le projet a \u00e9t\u00e9 supervis\u00e9 par un comit\u00e9 consultatif de dix membres comptant des repr\u00e9sentants de chacune des trois r\u00e9gions albertaines vis\u00e9es par un trait\u00e9, ainsi que des repr\u00e9sentants de Sant\u00e9 des Premi\u00e8res nations et des Inuits pour la r\u00e9gion de l\u2019Alberta. Le sous-comit\u00e9 r\u00e9gional en sant\u00e9 mentale et toxicomanies (selon la structure de cogestion de l\u2019Alberta) a orient\u00e9 le processus \u00e0 titre consultatif tout au long du processus d\u2019\u00e9valuation des besoins.\u00a0<a href=\"http:\/\/www.nnadaprenewal.ca\/sites\/www.nnadaprenewal.ca\/files\/10_03_08\/fr\/AB_RNA_Exec_Summ-FR.pdf\">Evaluations des besions regionaux de SPNI &#8211; l&#8217;Alberta (PDF)<\/a><\/p>\n<p><strong>R\u00e9gion de la Saskatchewan<\/strong><\/p>\n<p>Dans le cadre de l\u2019\u00e9valuation des besoins r\u00e9gionaux pour la Saskatchewan, plus de 140 personnes ont particip\u00e9 au processus de collecte des donn\u00e9es. Des entrevues ont \u00e9t\u00e9 men\u00e9es avec 35 personnes, notamment des directeurs de centre de traitement, des directeurs de services de sant\u00e9 de conseils tribaux, des intervenants en toxicomanie des conseils tribaux, des th\u00e9rapeutes en sant\u00e9 mentale, ainsi que d\u2019autres partenaires du PNLAADA. On a tenu des cercles de la parole dans six communaut\u00e9s de la r\u00e9gion de la Saskatchewan. Deux cercles de la parole, l\u2019un avec des adultes et l\u2019autre avec des jeunes, ont \u00e9t\u00e9 men\u00e9s dans chacune de ces communaut\u00e9s. Au total, 111 questionnaires ont \u00e9t\u00e9 remplis dans la r\u00e9gion de la Saskatchewan. L\u2019\u00e9valuation des besoins r\u00e9gionaux a \u00e9t\u00e9 orient\u00e9e et appuy\u00e9e par le comit\u00e9 de surveillance, qui comptait des repr\u00e9sentants des communaut\u00e9s, des fournisseurs de services, des directeurs, des repr\u00e9sentants de centres de traitement et des repr\u00e9sentants de la F\u00e9d\u00e9ration des nations indiennes de la Saskatchewan (FNIS) et de la province de la Saskatchewan.\u00a0<a href=\"http:\/\/www.nnadaprenewal.ca\/sites\/www.nnadaprenewal.ca\/files\/10_03_08\/fr\/SK_RNA_Exec_Summ-FR.pdf\">Evaluations des besions regionaux de SPNI &#8211; Saskatchewan (PDF)<\/a><\/p>\n<p><strong>R\u00e9gion du Manitoba<\/strong><\/p>\n<p>Dans le cadre de l\u2019\u00e9valuation des besoins r\u00e9gionaux pour le Manitoba, plus de 200 personnes ont particip\u00e9 au processus de collecte des donn\u00e9es. Au total, 159 membres de la communaut\u00e9 ont pris part \u00e0 16 groupes de discussion, et 49 b\u00e9n\u00e9ficiaires ont \u00e9t\u00e9 sond\u00e9s. Le Comit\u00e9 de lutte contre les d\u00e9pendances des Premi\u00e8res nations, compos\u00e9 de coordonnateurs des conseils tribaux, de directeurs de centres de traitement, de repr\u00e9sentants ind\u00e9pendants des Premi\u00e8res nations et du coordonnateur de Sant\u00e9 des Premi\u00e8res nations et des Inuits, a \u00e9clair\u00e9 et dirig\u00e9 le processus d\u2019\u00e9valuation des besoins. L\u2019Assembl\u00e9e des chefs du Manitoba a collabor\u00e9 avec SPNI de la r\u00e9gion du Manitoba \u00e0 la supervision du processus.<a href=\"http:\/\/www.nnadaprenewal.ca\/sites\/www.nnadaprenewal.ca\/files\/10_03_08\/fr\/MB_RNA_Exec_Summ-FR.pdf\">Evaluations des besions regionaux de SPNI &#8211; Manitoba (PDF)<\/a><\/p>\n<p><strong>R\u00e9gion de l\u2019Ontario<\/strong><\/p>\n<p><strong><\/strong> Dans le cadre de l\u2019\u00e9valuation des besoins r\u00e9gionaux pour l\u2019Ontario, plus de 300 personnes ont particip\u00e9 au processus de collecte de donn\u00e9es. Au total, 198 membres des communaut\u00e9s et 87 intervenants du PNLAADA ont pris part \u00e0 des groupes de discussion. De plus, 38 intervenants et directeurs de services de sant\u00e9 du PNLAADA ont \u00e9t\u00e9 sond\u00e9s. Quarante entrevues ont \u00e9t\u00e9 men\u00e9es aupr\u00e8s de t\u00e9moins privil\u00e9gi\u00e9s d\u2019un bout \u00e0 l\u2019autre de la r\u00e9gion de l\u2019Ontario. La collecte des donn\u00e9es comportait aussi une analyse de la documentation pertinente. L\u2019\u00e9valuation des besoins r\u00e9gionaux pour l\u2019Ontario \u00e9tait encadr\u00e9e par un comit\u00e9 consultatif compos\u00e9 de repr\u00e9sentants des Premi\u00e8res nations de l\u2019Ontario, de l\u2019Ontario Regional Addictions Partnership committee (comit\u00e9 r\u00e9gional ontarien de partenariat pour la lutte contre les toxicomanies) et de SPNI de la r\u00e9gion de l\u2019Ontario. Les chefs des PN de l\u2019Ontario ont collabor\u00e9 avec SPNI de l\u2019Ontario pour superviser le processus d\u2019\u00e9valuation des besoins r\u00e9gionaux.\u00a0<a href=\"http:\/\/www.nnadaprenewal.ca\/sites\/www.nnadaprenewal.ca\/files\/10_03_08\/fr\/ON_RNA_Exec_Summ-FR.pdf\">Evaluations des besions regionaux de SPNI &#8211; Ontario (PDF)<\/a><\/p>\n<p><strong>R\u00e9gion du Qu\u00e9bec<\/strong><\/p>\n<p>Dans le cadre de l\u2019\u00e9valuation des besoins r\u00e9gionaux pour le Qu\u00e9bec, plus de 88 personnes ont particip\u00e9 au processus de collecte des donn\u00e9es. Quarante membres de la communaut\u00e9, repr\u00e9sentant des infirmiers et infirmi\u00e8res en sant\u00e9 des Premi\u00e8res nations, des agents de centres de traitement, des gestionnaires et des directeurs de programmes en \u00e9ducation sp\u00e9cialis\u00e9e, ont pris part \u00e0 des groupes de discussion. Des membres des nations ab\u00e9naquise, algonquine, attikamek, crie, huronne-wendate, innue, micmaque, mohawk et naskapie ont \u00e9t\u00e9 sond\u00e9s. Le groupe qu\u00e9b\u00e9cois compos\u00e9 de repr\u00e9sentants de centres de traitement, de repr\u00e9sentants de la sant\u00e9 et des services sociaux des Premi\u00e8res nations du Qu\u00e9bec et du Labrador et de Sant\u00e9 des Premi\u00e8res nations et des Inuits (SPNI) de la r\u00e9gion du Qu\u00e9bec, a encadr\u00e9 et soutenu le processus d\u2019\u00e9valuation des besoins r\u00e9gionaux du Qu\u00e9bec. La Commission de la sant\u00e9 et des services sociaux des Premi\u00e8res nations du Qu\u00e9bec et du Labrador a collabor\u00e9 avec SPNI de la r\u00e9gion du Qu\u00e9bec pour superviser le processus d\u2019\u00e9valuation des besoins r\u00e9gionaux. R\u00e9gion de l\u2019Atlantique Dans le cadre de l\u2019\u00e9valuation des besoins r\u00e9gionaux pour l\u2019Atlantique, environ 350 personnes ont particip\u00e9 \u00e0 la collecte des donn\u00e9es. Des membres de la communaut\u00e9 ont pris part \u00e0 15 r\u00e9unions dans 10 communaut\u00e9s autochtones et \u00e0 11 r\u00e9unions dans six centres urbains. De m\u00eame, 25 entrevues en personne et 25 entrevues t\u00e9l\u00e9phoniques ont \u00e9t\u00e9 r\u00e9alis\u00e9es avec des directeurs de centres de traitement, des directeurs de services de sant\u00e9, des dirigeants de la communaut\u00e9, des chercheurs en traitement des toxicomanies et des analystes des politiques, ainsi qu\u2019avec des membres de la communaut\u00e9. Au total, 201 personnes ont \u00e9t\u00e9 sond\u00e9es : 83 \u00e9taient des membres de la communaut\u00e9, 24, des jeunes, 56, des intervenants du PNLAADA et 38, des partenaires (5 membres du comit\u00e9 consultatif, 12 membres du Comit\u00e9 de partenariat de la r\u00e9gion de l\u2019Atlantique, 3 directeurs de services de sant\u00e9, 8 analystes des politiques, 3 personnes jouant un r\u00f4le de leader et 7 chercheurs). L\u2019\u00e9valuation des besoins r\u00e9gionaux pour la r\u00e9gion de l\u2019Atlantique a \u00e9t\u00e9 supervis\u00e9e par un comit\u00e9 consultatif compos\u00e9 de deux repr\u00e9sentants r\u00e9gionaux de Sant\u00e9 des Premi\u00e8res nations et des Inuits et de cinq membres de la communaut\u00e9. L\u2019Atlantic Policy Congress (Congr\u00e8s des chefs des Premi\u00e8res nations de l\u2019Atlantique), de m\u00eame que le Comit\u00e9 r\u00e9gional de partenariat sur la lutte contre les d\u00e9pendances et la Native Alcohol and Drug Abuse Counselling Association, ont collabor\u00e9 avec SPNI de la r\u00e9gion de l\u2019Atlantique pour encadrer le processus d\u2019\u00e9valuation des besoins r\u00e9gionaux.\u00a0<a href=\"http:\/\/www.nnadaprenewal.ca\/sites\/www.nnadaprenewal.ca\/files\/10_03_08\/fr\/ATL_RNA_Exec_Summ-FR.pdf\">Evaluations des besions regionaux de SPNI &#8211; l&#8217;Atlantique (PDF)<\/a>\u00a0De plus, un document intitul\u00e9 \u00ab\u00a0<a href=\"http:\/\/nnadaprenewal.ca\/wp-content\/uploads\/2012\/03\/th\u00e8mes-communs-ressortant-des-rapports-d\u2019\u00e9valuation-des-besoins-r\u00e9gionaux-et-du-forum-national-sur-l.pdf\">Th\u00e8mes communs ressortant des rapports d\u2019\u00e9valuation des besoins r\u00e9gionaux et du Forum national sur le renouvellement du PNLAADA de janvier 2010<\/a>\u00a0\u00bb offre une synth\u00e8se des recommandations issues des \u00e9valuations des besoins r\u00e9gionaux et du Forum national sur le renouvellement du PNLAADA et fait ressortir les th\u00e8mes communs entre les r\u00e9gions.<\/p>\n","protected":false},"excerpt":{"rendered":"<p>R\u00e9gion de la C.-B. Dans le cadre de l\u2019\u00e9valuation des besoins r\u00e9gionaux pour la Colombie-Britannique, pr\u00e8s de 125 personnes ont particip\u00e9 au processus de collecte des donn\u00e9es. Des entrevues ont \u00e9t\u00e9 men\u00e9es avec 12 directeurs de services de sant\u00e9 et avec 12 membres du personnel dans 6 centres de traitement. De plus, 62 membres de [&hellip;]<\/p>\n","protected":false},"author":2,"featured_media":0,"parent":0,"menu_order":0,"comment_status":"closed","ping_status":"closed","template":"","meta":[],"_links":{"self":[{"href":"https:\/\/nnadaprenewal.ca\/index.php?rest_route=\/wp\/v2\/pages\/897"}],"collection":[{"href":"https:\/\/nnadaprenewal.ca\/index.php?rest_route=\/wp\/v2\/pages"}],"about":[{"href":"https:\/\/nnadaprenewal.ca\/index.php?rest_route=\/wp\/v2\/types\/page"}],"author":[{"embeddable":true,"href":"https:\/\/nnadaprenewal.ca\/index.php?rest_route=\/wp\/v2\/users\/2"}],"replies":[{"embeddable":true,"href":"https:\/\/nnadaprenewal.ca\/index.php?rest_route=%2Fwp%2Fv2%2Fcomments&post=897"}],"version-history":[{"count":1,"href":"https:\/\/nnadaprenewal.ca\/index.php?rest_route=\/wp\/v2\/pages\/897\/revisions"}],"predecessor-version":[{"id":899,"href":"https:\/\/nnadaprenewal.ca\/index.php?rest_route=\/wp\/v2\/pages\/897\/revisions\/899"}],"wp:attachment":[{"href":"https:\/\/nnadaprenewal.ca\/index.php?rest_route=%2Fwp%2Fv2%2Fmedia&parent=897"}],"curies":[{"name":"wp","href":"https:\/\/api.w.org\/{rel}","templated":true}]}}