{"id":900,"date":"2012-03-04T15:10:04","date_gmt":"2012-03-04T15:10:04","guid":{"rendered":"http:\/\/nnadaprenewal.ca\/?page_id=900"},"modified":"2012-03-04T15:10:04","modified_gmt":"2012-03-04T15:10:04","slug":"a-propos-le-forum-national-sur-le-renouvellement-du-pnlaada-2","status":"publish","type":"page","link":"https:\/\/nnadaprenewal.ca\/?page_id=900","title":{"rendered":"\u00c0 propos le forum national sur le renouvellement du PNLAADA"},"content":{"rendered":"<p>L\u2019Assembl\u00e9e des Premi\u00e8res nations (APN), la Fondation autochtone nationale de partenariat pour la lutte contre les d\u00e9pendances (FANPLD) et la Direction g\u00e9n\u00e9rale de la sant\u00e9 des Premi\u00e8res nations et des Inuits (DGSPNI) de Sant\u00e9 Canada ont accueilli conjointement\u00a0<a href=\"http:\/\/www.nnadaprenewal.ca\/sites\/www.nnadaprenewal.ca\/files\/10_03_08\/fr\/Forum_national_sur_le_renouvellement_du_PNLAADA.pdf\">le Forum national sur le renouvellement du PNLAADA<\/a>\u00a0les 12 et 13 janvier 2010 \u00e0 Ottawa. Le forum r\u00e9unissait un large \u00e9ventail de partenaires du PNLAADA (environ 70 personnes), comprenant des membres de la communaut\u00e9, des fournisseurs de services, des techniciens en sant\u00e9 de l\u2019APN, des membres de la FANPLD et des repr\u00e9sentants des initiatives nationales en sant\u00e9 mentale et toxicomanie, pour discuter des efforts continus de renouvellement du PNLAADA \u00e0 la lumi\u00e8re des \u00e9valuations des besoins r\u00e9gionaux effectu\u00e9es. Les objectifs du Forum \u00e9taient les suivants :<\/p>\n<ol>\n<li>d\u00e9terminer les principales priorit\u00e9s nationales de programme et de politiques pour le PNLAADA \u00e0 partir des conclusions des \u00e9valuations des besoins r\u00e9gionaux, et d\u2019autres donn\u00e9es probantes de la culture autochtone et de la culture dominante;<\/li>\n<li>cr\u00e9er un milieu propice \u00e0 la collaboration et \u00e0 la r\u00e9solution de probl\u00e8mes entre partenaires, concernant les principaux d\u00e9fis du PNLAADA;<\/li>\n<li>renforcer les relations de travail entre les partenaires du PNLAADA gr\u00e2ce \u00e0 un milieu de travail ax\u00e9 sur la collaboration;<\/li>\n<li>accro\u00eetre la mobilisation et le soutien du processus de renouvellement du PNLAADA chez les partenaires;<\/li>\n<li>discuter d\u2019approches pertinentes pour la mobilisation et la validation en ce qui concerne le cadre de programme renouvel\u00e9 pour le PNLAADA; et<\/li>\n<li>\u00e9tablir un r\u00e9seau de partenaires du PNLAADA pour faire progresser le processus de renouvellement.<\/li>\n<\/ol>\n<p>De plus, un document intitul\u00e9 \u00ab\u00a0<a href=\"http:\/\/nnadaprenewal.ca\/wp-content\/uploads\/2012\/03\/th\u00e8mes-communs-ressortant-des-rapports-d\u2019\u00e9valuation-des-besoins-r\u00e9gionaux-et-du-forum-national-sur-l1.pdf\">Th\u00e8mes communs ressortant des rapports d\u2019\u00e9valuation des besoins r\u00e9gionaux et du Forum national sur le renouvellement du PNLAADA de janvier 2010<\/a>\u00a0\u00bb offre une synth\u00e8se des recommandations issues des \u00e9valuations des besoins r\u00e9gionaux et du Forum national sur le renouvellement du PNLAADA et fait ressortir les th\u00e8mes communs entre les r\u00e9gions.<\/p>\n","protected":false},"excerpt":{"rendered":"<p>L\u2019Assembl\u00e9e des Premi\u00e8res nations (APN), la Fondation autochtone nationale de partenariat pour la lutte contre les d\u00e9pendances (FANPLD) et la Direction g\u00e9n\u00e9rale de la sant\u00e9 des Premi\u00e8res nations et des Inuits (DGSPNI) de Sant\u00e9 Canada ont accueilli conjointement\u00a0le Forum national sur le renouvellement du PNLAADA\u00a0les 12 et 13 janvier 2010 \u00e0 Ottawa. Le forum r\u00e9unissait [&hellip;]<\/p>\n","protected":false},"author":2,"featured_media":0,"parent":0,"menu_order":0,"comment_status":"closed","ping_status":"closed","template":"","meta":[],"_links":{"self":[{"href":"https:\/\/nnadaprenewal.ca\/index.php?rest_route=\/wp\/v2\/pages\/900"}],"collection":[{"href":"https:\/\/nnadaprenewal.ca\/index.php?rest_route=\/wp\/v2\/pages"}],"about":[{"href":"https:\/\/nnadaprenewal.ca\/index.php?rest_route=\/wp\/v2\/types\/page"}],"author":[{"embeddable":true,"href":"https:\/\/nnadaprenewal.ca\/index.php?rest_route=\/wp\/v2\/users\/2"}],"replies":[{"embeddable":true,"href":"https:\/\/nnadaprenewal.ca\/index.php?rest_route=%2Fwp%2Fv2%2Fcomments&post=900"}],"version-history":[{"count":1,"href":"https:\/\/nnadaprenewal.ca\/index.php?rest_route=\/wp\/v2\/pages\/900\/revisions"}],"predecessor-version":[{"id":902,"href":"https:\/\/nnadaprenewal.ca\/index.php?rest_route=\/wp\/v2\/pages\/900\/revisions\/902"}],"wp:attachment":[{"href":"https:\/\/nnadaprenewal.ca\/index.php?rest_route=%2Fwp%2Fv2%2Fmedia&parent=900"}],"curies":[{"name":"wp","href":"https:\/\/api.w.org\/{rel}","templated":true}]}}