{"id":903,"date":"2012-03-04T15:17:40","date_gmt":"2012-03-04T15:17:40","guid":{"rendered":"http:\/\/nnadaprenewal.ca\/?page_id=903"},"modified":"2012-03-04T15:17:40","modified_gmt":"2012-03-04T15:17:40","slug":"presentations-sur-les-donnees-probantes-traditionnelles-de-la-culture-dominante","status":"publish","type":"page","link":"https:\/\/nnadaprenewal.ca\/?page_id=903","title":{"rendered":"Pr\u00e9sentations sur les donn\u00e9es probantes traditionnelles\/ de la culture dominante"},"content":{"rendered":"<p>Le processus de renouvellement du PNLAADA est fond\u00e9 sur la reconnaissance que le sens de la culture autochtone est souvent absent des fondements th\u00e9oriques qui \u00e9clairent la pratique en sant\u00e9 mentale et toxicomanie. \u00c0 ce titre, les artisans du renouvellement reconnaissent que les id\u00e9es, les points de vue et les postulats du monde occidental ont renforc\u00e9 les valeurs et perspectives de la culture dominante. Les cadres th\u00e9oriques occidentaux ne sont pas sans valeur pour les peuples autochtones, mais le pr\u00e9sent processus est con\u00e7u pour veiller \u00e0 ce que l\u2019utilisation des approches occidentales se fasse avec comp\u00e9tence et sans danger pour la culture. Afin de poursuivre cet important dialogue, le forum a offert deux pr\u00e9sentations sur les approches traditionnelles et celles de la culture dominante, y compris leurs implications pour le renouvellement.<\/p>\n<p>Presentations:<\/p>\n<p><a href=\"http:\/\/nnadaprenewal.ca\/wp-content\/uploads\/2012\/03\/NNAPFI-Culture-in-Addictions-NNADAP-Renewal-Forum-FR-Jan.-10-2010.pdf\">Culture au sein des services en toxicomanie<\/a>\u00a0\u2013 Carol Hopkins<strong>\u00a0<\/strong><\/p>\n<p><strong><\/strong><a href=\"http:\/\/nnadaprenewal.ca\/wp-content\/uploads\/2012\/03\/NNAPFI-Building-better-practices-in-addiction-treatment-FR-Jan.-10-2010.pdf\">\u00c9tablir de meilleures pratiques pour traiter les comportements d\u00e9pendants<\/a><strong>\u00a0<\/strong>\u2013 Wayne Skinner<\/p>\n","protected":false},"excerpt":{"rendered":"<p>Le processus de renouvellement du PNLAADA est fond\u00e9 sur la reconnaissance que le sens de la culture autochtone est souvent absent des fondements th\u00e9oriques qui \u00e9clairent la pratique en sant\u00e9 mentale et toxicomanie. \u00c0 ce titre, les artisans du renouvellement reconnaissent que les id\u00e9es, les points de vue et les postulats du monde occidental ont [&hellip;]<\/p>\n","protected":false},"author":2,"featured_media":0,"parent":0,"menu_order":0,"comment_status":"closed","ping_status":"closed","template":"","meta":[],"_links":{"self":[{"href":"https:\/\/nnadaprenewal.ca\/index.php?rest_route=\/wp\/v2\/pages\/903"}],"collection":[{"href":"https:\/\/nnadaprenewal.ca\/index.php?rest_route=\/wp\/v2\/pages"}],"about":[{"href":"https:\/\/nnadaprenewal.ca\/index.php?rest_route=\/wp\/v2\/types\/page"}],"author":[{"embeddable":true,"href":"https:\/\/nnadaprenewal.ca\/index.php?rest_route=\/wp\/v2\/users\/2"}],"replies":[{"embeddable":true,"href":"https:\/\/nnadaprenewal.ca\/index.php?rest_route=%2Fwp%2Fv2%2Fcomments&post=903"}],"version-history":[{"count":1,"href":"https:\/\/nnadaprenewal.ca\/index.php?rest_route=\/wp\/v2\/pages\/903\/revisions"}],"predecessor-version":[{"id":906,"href":"https:\/\/nnadaprenewal.ca\/index.php?rest_route=\/wp\/v2\/pages\/903\/revisions\/906"}],"wp:attachment":[{"href":"https:\/\/nnadaprenewal.ca\/index.php?rest_route=%2Fwp%2Fv2%2Fmedia&parent=903"}],"curies":[{"name":"wp","href":"https:\/\/api.w.org\/{rel}","templated":true}]}}