{"id":907,"date":"2012-03-04T15:49:45","date_gmt":"2012-03-04T15:49:45","guid":{"rendered":"http:\/\/nnadaprenewal.ca\/?page_id=907"},"modified":"2012-03-04T15:49:45","modified_gmt":"2012-03-04T15:49:45","slug":"presentations-sur-les-evaluations-des-besoins-regionaux","status":"publish","type":"page","link":"https:\/\/nnadaprenewal.ca\/?page_id=907","title":{"rendered":"Pr\u00e9sentations sur les \u00e9valuations des besoins r\u00e9gionaux"},"content":{"rendered":"<p>On a demand\u00e9 \u00e0 des repr\u00e9sentants de chaque r\u00e9gion de Sant\u00e9 Canada de pr\u00e9senter les principales conclusions de leur processus d\u2019\u00e9valuation des besoins r\u00e9gionaux. Leurs pr\u00e9sentations portaient principalement sur les trois questions suivantes :<\/p>\n<ol>\n<li>Quels sont les principaux besoins non satisfaits ou nouveaux dans votre r\u00e9gion ?<\/li>\n<li>Quels sont les principaux points forts ou les principales approches, dans votre r\u00e9gion, qui peuvent contribuer \u00e0 l\u2019ensemble des travaux de renouvellement du PNLAADA ?<\/li>\n<li>Quelles strat\u00e9gies ou recommandations importantes votre r\u00e9gion offrirait-elle pour fa\u00e7onner un cadre de programme renouvel\u00e9 pour le PNLAADA ?<\/li>\n<\/ol>\n<p>Pr\u00e9sentations : Colombie-Britannique \u2013 Jean Allbeury, Yvonne Rigsby-Jones et Carole Patrick<\/p>\n<p><a href=\"http:\/\/nnadaprenewal.ca\/wp-content\/uploads\/2012\/03\/alberta_presentation1.pdf\">Alberta<\/a>\u00a0\u2013 Frank Tavares<\/p>\n<p><a href=\"http:\/\/nnadaprenewal.ca\/wp-content\/uploads\/2012\/03\/Saskatchewan-RNA-Jan-2010-FR.pdf\">R\u00e9gion de la Saskatchewan<\/a>\u00a0\u2013 Michelle Frey<\/p>\n<p><a href=\"http:\/\/nnadaprenewal.ca\/wp-content\/uploads\/2012\/03\/Manitoba-presentation-for-NNADAP-Renewal-Forum-Jan-2010-FR.pdf\">Manitoba<\/a>\u00a0\u2013 Marcy Richard et Ed Azure<\/p>\n<p><a href=\"http:\/\/nnadaprenewal.ca\/wp-content\/uploads\/2012\/03\/ontario_presentation.pdf\">Ontario<\/a>\u00a0\u2013 Tracy Antone, Rolanda Manitowabi et Lynda Roberts<\/p>\n<p><a href=\"http:\/\/nnadaprenewal.ca\/wp-content\/uploads\/2012\/03\/FinalpresentationFrench-Quebec.pdf\">Qu\u00e9bec<\/a>\u00a0\u2013 Claudie Paul, Sandra Degrandmaison, Marie-\u00c8ve Cournoyer et Jos\u00e9e Quesnel<\/p>\n<p><a href=\"http:\/\/nnadaprenewal.ca\/wp-content\/uploads\/2012\/03\/RAPC-Atlantic-presentation-FR.pdf\">Atlantique<\/a>\u00a0\u2013 Cindy Ginnish<\/p>\n","protected":false},"excerpt":{"rendered":"<p>On a demand\u00e9 \u00e0 des repr\u00e9sentants de chaque r\u00e9gion de Sant\u00e9 Canada de pr\u00e9senter les principales conclusions de leur processus d\u2019\u00e9valuation des besoins r\u00e9gionaux. Leurs pr\u00e9sentations portaient principalement sur les trois questions suivantes : Quels sont les principaux besoins non satisfaits ou nouveaux dans votre r\u00e9gion ? Quels sont les principaux points forts ou les [&hellip;]<\/p>\n","protected":false},"author":2,"featured_media":0,"parent":0,"menu_order":0,"comment_status":"closed","ping_status":"closed","template":"","meta":[],"_links":{"self":[{"href":"https:\/\/nnadaprenewal.ca\/index.php?rest_route=\/wp\/v2\/pages\/907"}],"collection":[{"href":"https:\/\/nnadaprenewal.ca\/index.php?rest_route=\/wp\/v2\/pages"}],"about":[{"href":"https:\/\/nnadaprenewal.ca\/index.php?rest_route=\/wp\/v2\/types\/page"}],"author":[{"embeddable":true,"href":"https:\/\/nnadaprenewal.ca\/index.php?rest_route=\/wp\/v2\/users\/2"}],"replies":[{"embeddable":true,"href":"https:\/\/nnadaprenewal.ca\/index.php?rest_route=%2Fwp%2Fv2%2Fcomments&post=907"}],"version-history":[{"count":1,"href":"https:\/\/nnadaprenewal.ca\/index.php?rest_route=\/wp\/v2\/pages\/907\/revisions"}],"predecessor-version":[{"id":915,"href":"https:\/\/nnadaprenewal.ca\/index.php?rest_route=\/wp\/v2\/pages\/907\/revisions\/915"}],"wp:attachment":[{"href":"https:\/\/nnadaprenewal.ca\/index.php?rest_route=%2Fwp%2Fv2%2Fmedia&parent=907"}],"curies":[{"name":"wp","href":"https:\/\/api.w.org\/{rel}","templated":true}]}}