{"id":916,"date":"2012-03-04T16:00:49","date_gmt":"2012-03-04T16:00:49","guid":{"rendered":"http:\/\/nnadaprenewal.ca\/?page_id=916"},"modified":"2012-03-04T16:00:49","modified_gmt":"2012-03-04T16:00:49","slug":"presentations-sur-les-themes-convergents","status":"publish","type":"page","link":"https:\/\/nnadaprenewal.ca\/?page_id=916","title":{"rendered":"Pr\u00e9sentations sur les th\u00e8mes convergents"},"content":{"rendered":"<p>Au cours du processus des \u00e9valuations des besoins r\u00e9gionaux, on a demand\u00e9 \u00e0 chaque r\u00e9gion de Sant\u00e9 Canada de tenir compte des besoins en mati\u00e8re de pr\u00e9vention et de traitement, ainsi que des ressources disponibles pour les groupes cl\u00e9s et angles d\u2019analyse suivants : les hommes et les femmes, les jeunes, les femmes enceintes et les personnes pr\u00e9sentant des probl\u00e8mes de sant\u00e9 mentale (troubles concomitants). Reconnaissant les implications convergentes de chacun des ces angles d\u2019analyse, et les besoins particuliers \u00e0 ces groupes, le forum national a offert trois pr\u00e9sentations sur les th\u00e8mes importants et les priorit\u00e9s \u00e0 consid\u00e9rer pour ces groupes, qui aideront \u00e0 \u00e9clairer l\u2019ensemble des travaux du renouvellement du PNLAADA :<\/p>\n<p>Pr\u00e9sentations :<\/p>\n<p><a href=\"http:\/\/nnadaprenewal.ca\/wp-content\/uploads\/2012\/03\/Cross-cutting-theme.NN-FR.pdf\">Th\u00e8me convergent : Les femmes<\/a>\u00a0\u2013 Sharon Acoose et Colleen Anne Dell<\/p>\n<p><a href=\"http:\/\/nnadaprenewal.ca\/wp-content\/uploads\/2012\/03\/First-Nation-Youth-in-treatment3-FR.pdf\">Th\u00e8me convergent : Les jeunes<\/a>\u00a0\u2013 Debra Dell<\/p>\n<p><a href=\"http:\/\/nnadaprenewal.ca\/wp-content\/uploads\/2012\/03\/7710013_FR_Rod_McCormick.pdf\">Th\u00e8me convergent : La sant\u00e9 mentale<\/a>\u00a0\u2013 Rod McCormick<\/p>\n","protected":false},"excerpt":{"rendered":"<p>Au cours du processus des \u00e9valuations des besoins r\u00e9gionaux, on a demand\u00e9 \u00e0 chaque r\u00e9gion de Sant\u00e9 Canada de tenir compte des besoins en mati\u00e8re de pr\u00e9vention et de traitement, ainsi que des ressources disponibles pour les groupes cl\u00e9s et angles d\u2019analyse suivants : les hommes et les femmes, les jeunes, les femmes enceintes et [&hellip;]<\/p>\n","protected":false},"author":2,"featured_media":0,"parent":0,"menu_order":0,"comment_status":"closed","ping_status":"closed","template":"","meta":[],"_links":{"self":[{"href":"https:\/\/nnadaprenewal.ca\/index.php?rest_route=\/wp\/v2\/pages\/916"}],"collection":[{"href":"https:\/\/nnadaprenewal.ca\/index.php?rest_route=\/wp\/v2\/pages"}],"about":[{"href":"https:\/\/nnadaprenewal.ca\/index.php?rest_route=\/wp\/v2\/types\/page"}],"author":[{"embeddable":true,"href":"https:\/\/nnadaprenewal.ca\/index.php?rest_route=\/wp\/v2\/users\/2"}],"replies":[{"embeddable":true,"href":"https:\/\/nnadaprenewal.ca\/index.php?rest_route=%2Fwp%2Fv2%2Fcomments&post=916"}],"version-history":[{"count":1,"href":"https:\/\/nnadaprenewal.ca\/index.php?rest_route=\/wp\/v2\/pages\/916\/revisions"}],"predecessor-version":[{"id":920,"href":"https:\/\/nnadaprenewal.ca\/index.php?rest_route=\/wp\/v2\/pages\/916\/revisions\/920"}],"wp:attachment":[{"href":"https:\/\/nnadaprenewal.ca\/index.php?rest_route=%2Fwp%2Fv2%2Fmedia&parent=916"}],"curies":[{"name":"wp","href":"https:\/\/api.w.org\/{rel}","templated":true}]}}